{"id":2760,"date":"2021-02-16T09:33:23","date_gmt":"2021-02-16T08:33:23","guid":{"rendered":"http:\/\/lab.crd.be\/alnatural\/all-inclusive-package-high-season-rates\/"},"modified":"2026-04-09T17:10:53","modified_gmt":"2026-04-09T15:10:53","slug":"precios-paquete-con-todo-incluido","status":"publish","type":"page","link":"https:\/\/www.alnaturalresort.com\/es\/precios-paquete-con-todo-incluido\/","title":{"rendered":"PRECIOS PAQUETE CON TODO INCLUIDO"},"content":{"rendered":"<section class=\"l-section wpb_row height_huge with_img\" id=\"image-Header\"><div class=\"l-section-img\" role=\"img\" aria-label=\"Imagen\" data-img-width=\"1800\" data-img-height=\"1197\" style=\"background-image: url(https:\/\/www.alnaturalresort.com\/wp-content\/uploads\/Fernando-Bocanegra-246.jpg);background-repeat: no-repeat;\"><\/div><div class=\"l-section-h i-cf\"><div class=\"g-cols vc_row via_flex valign_top type_default stacking_default\"><div class=\"vc_col-sm-12 wpb_column vc_column_container\"><div class=\"vc_column-inner\"><div class=\"wpb_wrapper\"><\/div><\/div><\/div><\/div><\/div><\/section><section class=\"l-section wpb_row height_medium\"><div class=\"l-section-h i-cf\"><div class=\"g-cols vc_row via_flex valign_top type_boxes stacking_default\"><div class=\"vc_col-sm-9 wpb_column vc_column_container\"><div class=\"vc_column-inner\"><div class=\"wpb_wrapper\"><div class=\"g-cols wpb_row via_flex valign_top type_default stacking_default\"><div class=\"vc_col-sm-12 wpb_column vc_column_container\"><div class=\"vc_column-inner\"><div class=\"wpb_wrapper\"><div class=\"wpb_text_column\"><div class=\"wpb_wrapper\"><h1 id=\"page-title\">PAQUETE CON TODO INCLUIDO<\/h1>\n<\/div><\/div><div class=\"wpb_text_column us_custom_fb5a478f has_text_color\"><div class=\"wpb_wrapper\"><h2>\u00a0 TEMPORADA ALTA 2024-2025<\/h2>\n<\/div><\/div><div class=\"wpb_text_column\"><div class=\"wpb_wrapper\"><div class=\"oSioSc\">\n<div id=\"tw-target\">\n<div id=\"kAz1tf\" class=\"g9WsWb\">\n<div id=\"tw-target-text-container\" class=\"tw-ta-container hide-focus-ring tw-nfl\" tabindex=\"0\">\n<h4 id=\"tw-target-text\" class=\"tw-data-text tw-text-large XcVN5d tw-ta\" dir=\"ltr\" data-placeholder=\"Traduction\"><span lang=\"es\">DEL 1 DE DICIEMBRE AL 30 DE ABRIL<\/span><\/h4>\n<\/div>\n<\/div>\n<\/div>\n<\/div>\n<\/div><\/div><div class=\"wpb_text_column\"><div class=\"wpb_wrapper\"><p><strong>Precio por noche por caba\u00f1a: (in U.S. Dollars):<\/strong><\/p>\n<table border=\"1\" width=\"100%\" cellspacing=\"0\" cellpadding=\"5\">\n<tbody>\n<tr>\n<td align=\"left\" valign=\"top\" width=\"215\"><\/td>\n<td align=\"right\" valign=\"top\" width=\"101\"><\/td>\n<td align=\"right\" valign=\"top\" width=\"103\">Por Caba\u00f1a<\/td>\n<\/tr>\n<tr>\n<td valign=\"top\" width=\"215\"><strong>Caba\u00f1a Natural<\/strong><\/td>\n<td align=\"right\" valign=\"top\" width=\"101\">para 2 adultos:<\/td>\n<td align=\"right\" valign=\"top\" width=\"103\"><strong><span class=\"s1\">$560.00<\/span><\/strong><\/td>\n<\/tr>\n<tr>\n<td valign=\"top\" width=\"215\"><strong>Caba\u00f1a Natural Superior<\/strong><\/td>\n<td align=\"right\" valign=\"top\" width=\"101\">para 2 adultos:<br \/>\npara 3 adultos:<br \/>\npara 4 adultos:<\/td>\n<td align=\"right\" valign=\"top\" width=\"103\"><strong><span class=\"s1\">$650.00<\/span><br \/>\n<\/strong><strong><span class=\"s1\">$900.00<\/span><br \/>\n<span class=\"s1\">$1,160.00<\/span><\/strong><\/td>\n<\/tr>\n<tr>\n<td valign=\"top\" width=\"215\"><strong>Caba\u00f1a Natural de Dos Camas<\/strong><\/td>\n<td align=\"right\" valign=\"top\" width=\"101\">para 2 adultos:<br \/>\npara 3 adultos:<br \/>\npara 4 adultos:<\/td>\n<td align=\"right\" valign=\"top\" width=\"103\"><strong><span class=\"s1\">$560.00<\/span><br \/>\n<\/strong><strong><span class=\"s1\">$810.00<\/span><br \/>\n<span class=\"s1\">$1040.00<\/span><\/strong><\/td>\n<\/tr>\n<tr>\n<td valign=\"top\" width=\"215\"><strong>Caba\u00f1a Natural Superior de Dos pisos<\/strong><\/td>\n<td align=\"right\" valign=\"top\" width=\"101\">para 2 adultos:<br \/>\npara 3 adultos:<br \/>\npara 4 adultos:<br \/>\npara 5 adultos:<\/td>\n<td align=\"right\" valign=\"top\" width=\"103\"><strong><span class=\"s1\">$680.00<\/span><br \/>\n<span class=\"s1\">$930.00<\/span><br \/>\n<span class=\"s1\">$1,180.00<\/span><br \/>\n<span class=\"s1\">$1,425.00<\/span><\/strong><\/td>\n<\/tr>\n<tr>\n<td valign=\"top\" width=\"215\"><strong>Caba\u00f1a Natural Hexagonal de Tres Recamaras<\/strong><\/td>\n<td align=\"right\" valign=\"top\" width=\"101\">para 2 adultos:<br \/>\npara 3 adultos:<br \/>\npara 4 adultos:<br \/>\npara 5 adultos:<br \/>\npara 6 adultos:<\/td>\n<td align=\"right\" valign=\"top\" width=\"103\"><strong><span class=\"s1\">$650.00<\/span><br \/>\n<\/strong><strong><span class=\"s1\">$870.00<\/span><br \/>\n<\/strong><strong><span class=\"s1\">$1,120.00<\/span><br \/>\n<\/strong><strong><span class=\"s1\">$1,350.00<\/span><br \/>\n<span class=\"s1\">$1,560.00<\/span><\/strong><\/td>\n<\/tr>\n<\/tbody>\n<\/table>\n<\/div><\/div><div class=\"w-separator size_small\"><\/div><div class=\"wpb_text_column\"><div class=\"wpb_wrapper\"><h2>CONDICIONES:<\/h2>\n<\/div><\/div><div class=\"wpb_text_column\"><div class=\"wpb_wrapper\"><ul>\n<li>Por ocupaci\u00f3n sencilla, a\u00f1ada el 50% a la tarifa por persona de ocupaci\u00f3n doble.<\/li>\n<li>de 3 a 12 a\u00f1os: 50% de la tarifa por un adulto en\u00a0ocupaci\u00f3n doble.<\/li>\n<\/ul>\n<\/div><\/div><div class=\"w-separator size_small\"><\/div><div class=\"wpb_text_column\"><div class=\"wpb_wrapper\"><h3>QU\u00c9 INCLUYE EL PAQUETE CON TODO INCLUIDO:<\/h3>\n<\/div><\/div><div class=\"wpb_text_column\"><div class=\"wpb_wrapper\"><p>Adem\u00e1s de lo que se incluye en el paquete Al Natural est\u00e1ndar (traslados, tres comidas completas, libre uso de los kayaks, del equipo de esn\u00f3rquel y de los aparejos de pesca), en el Paquete con Todo Incluido se incluyen todas las bebidas alcoh\u00f3licas y no alcoh\u00f3licas y una excursi\u00f3n diaria.<\/p>\n<p>Las excursiones suelen ser paseos en lancha de 3 a 4 horas (medio d\u00eda). Con una estad\u00eda de dos noches, ofrecemos un paseo en lancha a la id\u00edlica playa de los cayos Zapatillas en el parque marino nacional con paradas para bucear con esn\u00f3rquel, un paseo para bucear con esn\u00f3rquel a Crawl Cay y sus alrededores o un viaje en \u201ccayuco\u201d (una canoa tradicional de madera) por los r\u00edos de manglares para observar la fauna silvestre y la aldea india de Salt Creek. Con una estad\u00eda de 3 o m\u00e1s noches, usted puede escoger adem\u00e1s entre varias caminatas (de 3 a 6 horas) por la Selva del Parque Nacional de Bastimentos y las playas de Isla Bastimentos, un viaje en Lancha a la Bah\u00cca de los Delfines, a Playa Larga o a la Playa de la Rana Roja, o un viaje en lancha privada al pueblo de Bocas en Isla Col\u00f3n. Tambi\u00e9n puede ir de pescar (a pescar con anzuelo en nuestra lancha de motor guiada por su capit\u00e1n o en la forma tradicional con nuestro gu\u00cca ind\u00ccgena en un cayuco de madera). Cuando es posible, tambi\u00e9n se pueden hacer excursiones de todo el d\u00eda, con almuerzo preparado en el resort.<\/p>\n<p>A Al Natural, tenemos un \u00abfull bar\u00bb. Tragos cl\u00e1sicos son los Pina-Colada, Margarittas, Passion Fruit Daikiris y otros cocteles y tragos basados con jugos de frutas natural y ron locales y importados. Por favor nota que no son incluido los alcoholes con edad grande.<\/p>\n<p>Condiciones:<\/p>\n<p>El Paquete con Todo Incluido requiere una estad\u00eda m\u00ednima de dos noches. Todas las personas que reserven este paquete por cinco o m\u00e1s noches deben tener en cuenta el n\u00famero limitado de excursiones en lancha.<\/p>\n<p>Algunas excursiones dependen del clima y de las condiciones del mar. Las excursiones y las actividades requieren un m\u00ednimo de dos participantes. No es necesario reservar por adelantado los paseos y las giras. Cada d\u00eda decidimos el programa diario, seg\u00fan el clima y lo que Ustedes deseen.<\/p>\n<p>Por valor nota que las entradas a pagar para visitar la comunidad de Quebrada Salt ($2.00 p.p.) no esta incluida. Tampoco son incluidos lo que esta cobrado por proveedores de servicios que no son de Al Natural: caminatas ofrecidas por las comunidades ind\u00edgenas, profesor o gu\u00eda de surfeo, costo del zip lines a Red Frog, pero si son incluidos en nuestro paquetes los gastos de transporte para llegar a los lugares donde se puede recibir esos servicios.<\/p>\n<p>Si los clientes quieren hacer actividades de buceo con tanques o ir pescar con nuestro bote (\u201ctrolling\u201d), ellos van recibir un descuento si los clientes no hacen otro tour este d\u00eda.<\/p>\n<\/div><\/div><div class=\"w-separator size_small\"><\/div><div class=\"w-socials color_brand shape_square style_default hover_fade\"><div class=\"w-socials-list\"><div class=\"w-socials-item facebook\"><a target=\"_blank\" rel=\"nofollow\" href=\"#\" class=\"w-socials-item-link\" aria-label=\"Facebook\"><span class=\"w-socials-item-link-hover\"><\/span><i class=\"fab fa-facebook\"><\/i><\/a><div class=\"w-socials-item-popup\"><span>Facebook<\/span><\/div><\/div><div class=\"w-socials-item twitter\"><a target=\"_blank\" rel=\"nofollow\" href=\"#\" class=\"w-socials-item-link\" aria-label=\"X\"><span class=\"w-socials-item-link-hover\"><\/span><i class=\"fab fa-x-twitter\"><svg style=\"width:1em; margin-bottom:-.1em;\" xmlns=\"http:\/\/www.w3.org\/2000\/svg\" viewBox=\"0 0 512 512\" role=\"presentation\"><path fill=\"currentColor\" d=\"M389.2 48h70.6L305.6 224.2 487 464H345L233.7 318.6 106.5 464H35.8L200.7 275.5 26.8 48H172.4L272.9 180.9 389.2 48zM364.4 421.8h39.1L151.1 88h-42L364.4 421.8z\"\/><\/svg><\/i><\/a><div class=\"w-socials-item-popup\"><span>X<\/span><\/div><\/div><div class=\"w-socials-item email\"><a target=\"_blank\" rel=\"nofollow\" href=\"#\" class=\"w-socials-item-link\" aria-label=\"Correo electr\u00f3nico\"><span class=\"w-socials-item-link-hover\"><\/span><i class=\"fas fa-envelope\"><\/i><\/a><div class=\"w-socials-item-popup\"><span>Correo electr\u00f3nico<\/span><\/div><\/div><\/div><\/div><\/div><\/div><\/div><\/div><div class=\"w-separator size_medium\"><\/div><\/div><\/div><\/div><div class=\"vc_col-sm-3 wpb_column vc_column_container\"><div class=\"vc_column-inner\"><div class=\"wpb_wrapper\"><div class=\"wpb_widgetised_column wpb_content_element\"><div class=\"wpb_wrapper\"><div id=\"mod_vikbooking_horizontalsearch-6\" class=\"widget widget_mod_vikbooking_horizontalsearch\"><h3 class=\"widgettitle\">RESERVE AHORA !<\/h3>\n<div class=\"vbmodhorsearchmaindiv vbo-horizsearch-standardformat-wrap\">\n\t<form action=\"https:\/\/www.alnaturalresort.com\/booking\/?task=search\" method=\"post\" id=\"vbo-mod-horsearch-form-806\">\n\t\t<input type=\"hidden\" name=\"task\" value=\"search\" \/>\n\t\t<div class=\"vbmodhorsearchcheckindiv\">\n\t\t\t<label for=\"checkindatemod806\">Check-in date<\/label>\n\t\t\t<div class=\"input-group\">\n\t\t\t\t<input type=\"text\" name=\"checkindate\" id=\"checkindatemod806\" size=\"10\" autocomplete=\"off\" onfocus=\"this.blur();\" readonly\/>\n\t\t\t\t<i class=\"far fa-calendar-alt vbo-caltrigger\"><\/i>\t\t\t\t<input type=\"hidden\" name=\"checkinh\" value=\"12\"\/>\n\t\t\t\t<input type=\"hidden\" name=\"checkinm\" value=\"0\"\/>\n\t\t\t<\/div>\n\t\t<\/div>\n\t\t<div class=\"vbmodhorsearchcheckoutdiv\">\n\t\t\t<label for=\"checkoutdatemod806\">Check-out date<\/label>\n\t\t\t<div class=\"input-group\">\n\t\t\t\t<input type=\"text\" name=\"checkoutdate\" id=\"checkoutdatemod806\" size=\"10\" autocomplete=\"off\" onfocus=\"this.blur();\" readonly\/>\n\t\t\t\t<i class=\"far fa-calendar-alt vbo-caltrigger\"><\/i>\t\t\t\t<input type=\"hidden\" name=\"checkouth\" value=\"9\"\/>\n\t\t\t\t<input type=\"hidden\" name=\"checkoutm\" value=\"0\"\/>\n\t\t\t<\/div>\n\t\t<\/div>\n\t\t\t<div class=\"vbmodhorsearchtotnights\" id=\"vbjstotnightsmod806\"><\/div>\n\t\t\t<div class=\"vbmodhorsearchrac\">\n\t\t\n\t\t\t<div class=\"vbmodhorsearchroomsel\">\n\t\t\t\t<label for=\"vbmodformroomsn806\">Habitaciones<\/label>\t\t\t\t<span class=\"vbhsrnselsp\"><select name=\"roomsnum\" id=\"vbmodformroomsn806\" onchange=\"vbSetRoomsAdultsMod806(this.value);\">\n<option value=\"1\">1<\/option>\n<option value=\"2\">2<\/option>\n<option value=\"3\">3<\/option>\n<option value=\"4\">4<\/option>\n<option value=\"5\">5<\/option>\n<option value=\"6\">6<\/option>\n<option value=\"7\">7<\/option>\n<option value=\"8\">8<\/option>\n<option value=\"9\">9<\/option>\n<option value=\"10\">10<\/option>\n<\/select><\/span>\n\t\t\t<\/div>\n\t\t\t\n\t\t\t<div class=\"vbmodhorsearchroomdentr\">\n\t\t\t\t\n\t\t\t\t<div class=\"vbmodhorsearchroomdentrfirst\">\n\t\t\t\t\t<span class=\"horsrnum\">Room 1<\/span>\t\t\t\t\t<div class=\"horsanumdiv\">\n\t\t\t\t\t\t<label class=\"horsanumlb\" for=\"vbo-mhs-adults-806\">Adultos<\/label>\n\t\t\t\t\t\t<span class=\"horsanumsel\"><select name=\"adults[]\" id=\"vbo-mhs-adults-806\" onchange=\"vbCountTotGuests806();\"><option value=\"1\">1<\/option><option value=\"2\" selected=\"selected\">2<\/option><option value=\"3\">3<\/option><option value=\"4\">4<\/option><option value=\"5\">5<\/option><option value=\"6\">6<\/option><\/select><\/span>\n\t\t\t\t\t<\/div>\n\t\t\t\t\t\t\t\t\t\t<div class=\"horscnumdiv\">\n\t\t\t\t\t\t<label class=\"horscnumlb\" for=\"vbo-mhs-children-806\">Ni\u00f1os<\/label>\n\t\t\t\t\t\t<span class=\"horscnumsel\"><select name=\"children[]\" id=\"vbo-mhs-children-806\" onchange=\"vbCountTotGuests806();\"><option value=\"0\">0<\/option><option value=\"1\">1<\/option><option value=\"2\">2<\/option><option value=\"3\">3<\/option><option value=\"4\">4<\/option><option value=\"5\">5<\/option><\/select><\/span>\n\t\t\t\t\t<\/div>\n\t\t\t\t\t\t\t\t\t<\/div>\n\t\t\t\t\n\t\t\t\t<div class=\"vbmoreroomscontmod\" id=\"vbmoreroomscontmod806\"><\/div>\n\t\t\t\t\n\t\t\t<\/div>\n\t\t\t\n\t\t<\/div>\n\t\t\t<div class=\"vbmodhorsearchbookdiv\">\n\t\t\t<button type=\"submit\" id=\"vbo-mod-horsearch-sbt-806\" class=\"btn vbsearchinputmodhors vbo-pref-color-btn\">RESERVE AHORA<\/button>\n\t\t<\/div>\n\n\t\t<script type=\"text\/javascript\">\n\t\t\tjQuery(function() {\n\t\t\t\tjQuery('button#vbo-mod-horsearch-sbt-806').on('click', function(e) {\n\t\t\t\t\te.preventDefault();\n\t\t\t\t\tjQuery(this).prop('disabled', true);\n\t\t\t\t\tjQuery(this).html('<i class=\"fas fa-circle-notch fa-spin fa-fw\"><\/i> ' + jQuery(this).text());\n\t\t\t\t\tjQuery(this).closest('form').submit();\n\t\t\t\t});\n\t\t\t});\n\t\t<\/script>\n\t\t<\/form>\n<\/div>\n\n<div class=\"vbo-modhs-js-helpers\" style=\"display: none;\">\n\t<div class=\"vbo-modhs-add-element-html\">\n\t\t<div class=\"vbmodhorsearchroomdentr\">\n\t\t\t<span class=\"horsrnum\">Room %d<\/span>\n\t\t\t<div class=\"horsanumdiv\">\n\t\t\t\t<label style=\"display: none;\" for=\"vbo-mhs-adults-806-hid\">Adultos<\/label>\n\t\t\t\t<span class=\"horsanumsel\"><select name=\"adults[]\" id=\"vbo-mhs-adults-806-hid\" onchange=\"vbCountTotGuests806();\"><option value=\"1\">1<\/option><option value=\"2\" selected=\"selected\">2<\/option><option value=\"3\">3<\/option><option value=\"4\">4<\/option><option value=\"5\">5<\/option><option value=\"6\">6<\/option><\/select><\/span>\n\t\t\t\t\t\t\t<div class=\"horscnumdiv\">\n\t\t\t\t\t<label style=\"display: none;\" for=\"vbo-mhs-children-806-hid\">Ni\u00f1os<\/label>\n\t\t\t\t\t<span class=\"horscnumsel\"><select name=\"children[]\" id=\"vbo-mhs-children-806-hid\" onchange=\"vbCountTotGuests806();\"><option value=\"0\">0<\/option><option value=\"1\">1<\/option><option value=\"2\">2<\/option><option value=\"3\">3<\/option><option value=\"4\">4<\/option><option value=\"5\">5<\/option><\/select><\/span>\n\t\t\t\t<\/div>\n\t\t\t\t\t\t\t<\/div>\n\t\t<\/div>\n\t<\/div>\n<\/div>\n\n<script type=\"text\/javascript\">\nfunction vboModHorSearchSendRequest(elem, formId) {\n\tvar form_el = document.getElementById('vbo-mod-horsearch-form-' + formId);\n\tif (!form_el) {\n\t\tconsole.error('form not found', formId);\n\t\treturn false;\n\t}\n\n\t\/\/ valid all form required fields\n\tif (typeof form_el.checkValidity === 'function' && !form_el.checkValidity()) {\n\t\t\/\/ modern browsers will support this HTML5 method to check the form required fields\n\t\talert(Joomla.JText._('VBO_PLEASE_FILL_FIELDS'));\n\t\treturn false;\n\t}\n\n\t\/\/ make sure the dates have been selected\n\tvar checkin_date_el = jQuery(form_el).find('input[name=\"checkindate\"]');\n\tvar checkout_date_el = jQuery(form_el).find('input[name=\"checkoutdate\"]');\n\tif (!checkin_date_el.length || !checkin_date_el.val().length || !checkout_date_el.length || !checkout_date_el.val().length) {\n\t\talert(Joomla.JText._('VBO_PLEASE_SEL_DATES'));\n\t\treturn false;\n\t}\n\t\/\/ make sure the dates are not identical to have a min stay of 1 night\n\t\/\/ as by default the datepicker could set equal dates to the hidden fields.\n\tif (checkin_date_el.val() == checkout_date_el.val()) {\n\t\talert(Joomla.JText._('VBO_PLEASE_SEL_DATES'));\n\t\treturn false;\n\t}\n\n\t\/\/ disable the send request button to avoid double submissions\n\telem.disabled = true;\n\t\n\t\/\/ get form values\n\tvar qstring = jQuery(form_el).serialize();\n\n\t\/\/ make sure the task is not set\n\tqstring = qstring.replace('task=search', '');\n\tqstring = qstring.replace('view=search', '');\n\n\t\/\/ make the ajax request to the controller\n\tjQuery.ajax({\n\t\ttype: \"POST\",\n\t\turl: \"https:\/\/www.alnaturalresort.com\/wp-admin\/admin-ajax.php?task=submit_inquiry&Itemid=1494&action=vikbooking&vik_ajax_client=site\",\n\t\tdata: qstring\n\t}).done(function(res) {\n\t\tif (!res.hasOwnProperty('status')) {\n\t\t\talert('Invalid response');\n\t\t\t\/\/ re-enable the button\n\t\t\telem.disabled = false;\n\t\t\treturn false;\n\t\t}\n\t\tif (!res.status) {\n\t\t\talert(res.error);\n\t\t\t\/\/ re-enable the button\n\t\t\telem.disabled = false;\n\t\t\treturn false;\n\t\t}\n\t\t\/\/ show success message by replacing all fields\n\t\tjQuery('.vbo-mod-horsearch-inquiry-fields').html('<p class=\"vbo-mod-horsearch-inquiry-mess-success\">' + Joomla.JText._('VBO_THANKS_INQ_SUBMITTED') + '<\/p>');\n\t\t\/\/ remove submit button container\n\t\tjQuery('.vbo-mod-horsearch-inquiry-submit').remove();\n\t}).fail(function(err) {\n\t\talert(err.responseText);\n\t\t\/\/ re-enable the button\n\t\telem.disabled = false;\n\t});\n}\n\nfunction vboModHorSearchBookOnline(formId) {\n\tvar form_el = document.getElementById('vbo-mod-horsearch-form-' + formId);\n\tif (!form_el) {\n\t\tconsole.error('form not found', formId);\n\t\treturn false;\n\t}\n\n\t\/\/ we need to let a button of type button trigger the submit of the \"check availability\"\n\t\/\/ or in case of inquiry, the browser will check the validity of the required fields.\n\n\t\/\/ we only check if the dates have been selected\n\tvar checkin_date_el = jQuery(form_el).find('input[name=\"checkindate\"]');\n\tvar checkout_date_el = jQuery(form_el).find('input[name=\"checkoutdate\"]');\n\tif (!checkin_date_el.length || !checkin_date_el.val().length || !checkout_date_el.length || !checkout_date_el.val().length) {\n\t\talert(Joomla.JText._('VBO_PLEASE_SEL_DATES'));\n\t\treturn false;\n\t}\n\n\t\/\/ make sure the dates are not identical to have a min stay of 1 night\n\t\/\/ as by default the datepicker could set equal dates to the hidden fields.\n\tif (checkin_date_el.val() == checkout_date_el.val()) {\n\t\talert(Joomla.JText._('VBO_PLEASE_SEL_DATES'));\n\t\treturn false;\n\t}\n\n\t\/\/ simply submit the form to start the booking process\n\tform_el.submit();\n\n\treturn true;\n}\n\nfunction vbAddElementMod806() {\n\tvar ni = document.getElementById('vbmoreroomscontmod806');\n\tvar numi = document.getElementById('vbroomhelpermod806');\n\tvar num = (document.getElementById('vbroomhelpermod806').value -1) + 2;\n\tnumi.value = num;\n\tvar newdiv = document.createElement('div');\n\tvar divIdName = 'vb'+num+'racont';\n\tnewdiv.setAttribute('id', divIdName);\n\t\/\/ build HTML content to append to new element\n\tvar new_element_html = document.getElementsByClassName('vbo-modhs-add-element-html')[0].innerHTML;\n\t\/\/ set room number\n\tlet rp_rgx = new RegExp('%d', 'g');\n\tnew_element_html = new_element_html.replace(rp_rgx, num);\n\t\/\/ get rid of label tag (Web Accessibility)\n\tlet lbl_rgx = new RegExp(\/<label\\s.+>.+<\\\/label>\/, 'g');\n\tnew_element_html = new_element_html.replace(lbl_rgx, '');\n\t\/\/ get rid of any id attribute (Web Accessibility)\n\tlet idattr_rgx = new RegExp(\/id=\"[^\\\"]+\"\/, 'g');\n\tnew_element_html = new_element_html.replace(idattr_rgx, '');\n\t\/\/ set HTML content and append element\n\tnewdiv.innerHTML = new_element_html;\n\tni.appendChild(newdiv);\n}\n\nfunction vbSetRoomsAdultsMod806(totrooms) {\n\tvar actrooms = parseInt(document.getElementById('vbroomhelpermod806').value);\n\tvar torooms = parseInt(totrooms);\n\tvar difrooms;\n\tif (torooms > actrooms) {\n\t\tdifrooms = torooms - actrooms;\n\t\tfor (var ir = 1; ir <= difrooms; ir++) {\n\t\t\tvbAddElementMod806();\n\t\t}\n\t}\n\tif (torooms < actrooms) {\n\t\tfor (var ir = actrooms; ir > torooms; ir--) {\n\t\t\tif (ir > 1) {\n\t\t\t\tvar rmra = document.getElementById('vb' + ir + 'racont');\n\t\t\t\trmra.parentNode.removeChild(rmra);\n\t\t\t}\n\t\t}\n\t\tdocument.getElementById('vbroomhelpermod806').value = torooms;\n\t}\n\tif (document.getElementById('vbmodhorsearch-hum-guests-rooms806')) {\n\t\tdocument.getElementById('vbmodhorsearch-hum-guests-rooms806').innerText = torooms;\n\t\tvbCountTotGuests806();\n\t}\n}\n\nfunction vbCountTotGuests806() {\n\tif (!document.getElementById('vbmodhorsearch-hum-guests-rooms806')) {\n\t\treturn;\n\t}\n\tvar totadults = 0;\n\tvar totchildren = 0;\n\tjQuery('#vbmodhorsearch-hum-guests-count806').parent().find('select[name=\"adults[]\"]').each(function() {\n\t\tvar curel = jQuery(this).find('option:selected');\n\t\tif (curel.length) {\n\t\t\ttotadults += parseInt(curel.val());\n\t\t}\n\t});\n\tjQuery('#vbmodhorsearch-hum-guests-adults806').text(totadults);\n\tif (jQuery('#vbmodhorsearch-hum-guests-children806').length) {\n\t\tjQuery('#vbmodhorsearch-hum-guests-count806').parent().find('select[name=\"children[]\"]').each(function() {\n\t\t\tvar curel = jQuery(this).find('option:selected');\n\t\t\tif (curel.length) {\n\t\t\t\ttotchildren += parseInt(curel.val());\n\t\t\t}\n\t\t});\n\t\tjQuery('#vbmodhorsearch-hum-guests-children806').text(totchildren);\n\t}\n}\n\nfunction vbCalcNightsMod806() {\n\tvar vbcheckin = document.getElementById('checkindatemod806').value;\n\tvar vbcheckout = document.getElementById('checkoutdatemod806').value;\n\tif (vbcheckin.length > 0 && vbcheckout.length > 0) {\n\t\tvar vbcheckinp = vbcheckin.split(\"\/\");\n\t\tvar vbcheckoutp = vbcheckout.split(\"\/\");\n\t\t\tvar vbinmonth = parseInt(vbcheckinp[1]);\n\t\tvbinmonth = vbinmonth - 1;\n\t\tvar vbinday = parseInt(vbcheckinp[0], 10);\n\t\tvar vbcheckind = new Date(vbcheckinp[2], vbinmonth, vbinday);\n\t\tvar vboutmonth = parseInt(vbcheckoutp[1]);\n\t\tvboutmonth = vboutmonth - 1;\n\t\tvar vboutday = parseInt(vbcheckoutp[0], 10);\n\t\tvar vbcheckoutd = new Date(vbcheckoutp[2], vboutmonth, vboutday);\n\t\t\t\tvar vbdivider = 1000 * 60 * 60 * 24;\n\t\tvar vbints = vbcheckind.getTime();\n\t\tvar vboutts = vbcheckoutd.getTime();\n\t\tif (vboutts > vbints) {\n\t\t\t\/\/var vbnights = Math.ceil((vboutts - vbints) \/ (vbdivider));\n\t\t\tvar utc1 = Date.UTC(vbcheckind.getFullYear(), vbcheckind.getMonth(), vbcheckind.getDate());\n\t\t\tvar utc2 = Date.UTC(vbcheckoutd.getFullYear(), vbcheckoutd.getMonth(), vbcheckoutd.getDate());\n\t\t\tvar vbnights = Math.ceil((utc2 - utc1) \/ vbdivider);\n\t\t\tif (vbnights > 0) {\n\t\t\t\tdocument.getElementById('vbjstotnightsmod806').innerHTML = '<div class=\"vbo-horizsearch-numnights-inner\"><span>Nights:<\/span> <span>'+vbnights+'<\/span><\/div>';\n\t\t\t} else {\n\t\t\t\tdocument.getElementById('vbjstotnightsmod806').innerHTML = '';\n\t\t\t}\n\t\t} else {\n\t\t\tdocument.getElementById('vbjstotnightsmod806').innerHTML = '';\n\t\t}\n\t} else {\n\t\tdocument.getElementById('vbjstotnightsmod806').innerHTML = '';\n\t}\n}\n<\/script>\n\n<input type=\"hidden\" id=\"vbroomhelpermod806\" value=\"1\"\/>\n<\/div><div id=\"custom_html-7\" class=\"widget_text widget widget_custom_html\"><h3 class=\"widgettitle\">NEWS<\/h3><div class=\"textwidget custom-html-widget\"><a href=\"https:\/\/www.alnaturalresort.com\/es\/ofertas-especiales-infos-ultima-hora\/\">OFERTAS ESPECIALES INFOS \u00daLTIMA HORA\r\n<\/a>\r\n<hr style=\"border-top: 0.5px dotted;  margin-top:20px; color:#B0C4DE;\"><\/div><\/div><div id=\"text-7\" class=\"widget widget_text\"><h3 class=\"widgettitle\">TRIP ADVISORS<\/h3>\t\t\t<div class=\"textwidget\"><p><em>\u00bb El resort est\u00e1 ubicado en un entorno natural \u00fanico, si buscas desconexi\u00f3n real del ruido de la ciudad y conexi\u00f3n fuerte con la naturaleza y uno mismo, este sin dudas es un lugar perfecto\u2026 Finalmente cabe destacar la gran amabilidad del Staff, tanto Vincent c\u00f3mo Abner, y el resto del personal ofrecen un recibimiento familiar y acogedor. \u00ab<\/em><\/p>\n<p>Por Juan M publicada publicado en Trip Advisor el 3 de sept. de 2018<\/p>\n<\/div>\n\t\t<\/div><\/div><\/div><\/div><\/div><\/div><\/div><\/div><\/section>\n","protected":false},"excerpt":{"rendered":"PAQUETE CON TODO INCLUIDO \u00a0 TEMPORADA ALTA 2024-2025 DEL 1 DE DICIEMBRE AL 30 DE ABRIL Precio por noche por caba\u00f1a: (in U.S. Dollars): Por Caba\u00f1a Caba\u00f1a Natural para 2 adultos: $560.00 Caba\u00f1a Natural Superior para 2 adultos: para 3 adultos: para 4 adultos: $650.00 $900.00 $1,160.00 Caba\u00f1a Natural de Dos Camas para 2 adultos:...","protected":false},"author":1,"featured_media":0,"parent":0,"menu_order":0,"comment_status":"closed","ping_status":"closed","template":"","meta":{"footnotes":""},"class_list":["post-2760","page","type-page","status-publish","hentry"],"_links":{"self":[{"href":"https:\/\/www.alnaturalresort.com\/es\/wp-json\/wp\/v2\/pages\/2760","targetHints":{"allow":["GET"]}}],"collection":[{"href":"https:\/\/www.alnaturalresort.com\/es\/wp-json\/wp\/v2\/pages"}],"about":[{"href":"https:\/\/www.alnaturalresort.com\/es\/wp-json\/wp\/v2\/types\/page"}],"author":[{"embeddable":true,"href":"https:\/\/www.alnaturalresort.com\/es\/wp-json\/wp\/v2\/users\/1"}],"replies":[{"embeddable":true,"href":"https:\/\/www.alnaturalresort.com\/es\/wp-json\/wp\/v2\/comments?post=2760"}],"version-history":[{"count":11,"href":"https:\/\/www.alnaturalresort.com\/es\/wp-json\/wp\/v2\/pages\/2760\/revisions"}],"predecessor-version":[{"id":19326,"href":"https:\/\/www.alnaturalresort.com\/es\/wp-json\/wp\/v2\/pages\/2760\/revisions\/19326"}],"wp:attachment":[{"href":"https:\/\/www.alnaturalresort.com\/es\/wp-json\/wp\/v2\/media?parent=2760"}],"curies":[{"name":"wp","href":"https:\/\/api.w.org\/{rel}","templated":true}]}}