{"id":2786,"date":"2021-02-17T16:09:36","date_gmt":"2021-02-17T15:09:36","guid":{"rendered":"http:\/\/lab.crd.be\/alnatural\/969-2\/"},"modified":"2026-04-09T16:49:07","modified_gmt":"2026-04-09T14:49:07","slug":"precios-de-los-paquetes-al-natural-villa","status":"publish","type":"page","link":"https:\/\/www.alnaturalresort.com\/es\/precios-de-los-paquetes-al-natural-villa\/","title":{"rendered":"PRECIOS DE LOS PAQUETES AL NATURAL VILLA"},"content":{"rendered":"<section class=\"l-section wpb_row height_huge with_img\" id=\"image-Header\"><div class=\"l-section-img\" role=\"img\" aria-label=\"Imagen\" data-img-width=\"1800\" data-img-height=\"1200\" style=\"background-image: url(https:\/\/www.alnaturalresort.com\/wp-content\/uploads\/Residencia-inside.jpg);background-repeat: no-repeat;\"><\/div><div class=\"l-section-h i-cf\"><div class=\"g-cols vc_row via_flex valign_top type_default stacking_default\"><div class=\"vc_col-sm-12 wpb_column vc_column_container\"><div class=\"vc_column-inner\"><div class=\"wpb_wrapper\"><\/div><\/div><\/div><\/div><\/div><\/section><section class=\"l-section wpb_row height_medium\"><div class=\"l-section-h i-cf\"><div class=\"g-cols vc_row via_flex valign_top type_boxes stacking_default\"><div class=\"vc_col-sm-9 wpb_column vc_column_container\"><div class=\"vc_column-inner\"><div class=\"wpb_wrapper\"><div class=\"g-cols wpb_row via_flex valign_top type_default stacking_default\"><div class=\"vc_col-sm-12 wpb_column vc_column_container\"><div class=\"vc_column-inner\"><div class=\"wpb_wrapper\"><div class=\"wpb_text_column\"><div class=\"wpb_wrapper\"><h1 id=\"page-title\">PRECIOS DE LOS PAQUETES AL NATURAL VILLA<\/h1>\n<\/div><\/div><div class=\"wpb_text_column us_custom_b407445f has_text_color\"><div class=\"wpb_wrapper\"><h2>\u00a0 TEMPORADA ALTA (de diciembre a abril) 2026-2027<\/h2>\n<\/div><\/div><div class=\"wpb_text_column\"><div class=\"wpb_wrapper\"><p><strong>2 noches m\u00ednima, Precio por noche, per caba\u00f1a, con el Paquete Al Natural Villa (en d\u00f3lares americanos)<\/strong><\/p>\n<table border=\"1\" width=\"100%\" cellspacing=\"0\" cellpadding=\"5\">\n<tbody>\n<tr>\n<td align=\"left\" valign=\"top\"><strong>Loft de una rec\u00e1mara<\/strong><\/td>\n<td align=\"left\" valign=\"top\"><strong>Precio<\/strong><\/td>\n<\/tr>\n<tr>\n<td>2 adultos<\/td>\n<td>$550.00<\/td>\n<\/tr>\n<tr>\n<td>3 adultos<\/td>\n<td>$700.00<\/td>\n<\/tr>\n<tr>\n<td>4 adultos<\/td>\n<td>$840.00<\/td>\n<\/tr>\n<tr>\n<td align=\"left\" valign=\"top\"><strong>Loft de tres rec\u00e1maras<\/strong><\/td>\n<td align=\"left\" valign=\"top\"><strong>Precio<\/strong><\/td>\n<\/tr>\n<tr>\n<td>3 adultos<\/td>\n<td>$780.00<\/td>\n<\/tr>\n<tr>\n<td>4 adultos<\/td>\n<td>$980.00<\/td>\n<\/tr>\n<tr>\n<td>5 adultos<\/td>\n<td>$1,150.00<\/td>\n<\/tr>\n<tr>\n<td>6 adultos<\/td>\n<td>$1,290.00<\/td>\n<\/tr>\n<\/tbody>\n<\/table>\n<\/div><\/div><div class=\"wpb_text_column us_custom_b407445f has_text_color\"><div class=\"wpb_wrapper\"><h2>\u00a0TEMPORADA BAJA (mayo y de augusto a noviembre) 2026-2027<\/h2>\n<\/div><\/div><div class=\"wpb_text_column\"><div class=\"wpb_wrapper\"><p><strong>2 noches m\u00ednima, Precio por noche, per caba\u00f1a, con el Paquete Al Natural Villa (en d\u00f3lares americanos) <\/strong><\/p>\n<table border=\"1\" width=\"100%\" cellspacing=\"0\" cellpadding=\"5\">\n<tbody>\n<tr>\n<td align=\"left\" valign=\"top\"><strong>Loft de una rec\u00e1mara<\/strong><\/td>\n<td align=\"left\" valign=\"top\"><strong>Precio<\/strong><\/td>\n<\/tr>\n<tr>\n<td>2 adultos<\/td>\n<td>$460.00<\/td>\n<\/tr>\n<tr>\n<td>3 adultos<\/td>\n<td>$525.00<\/td>\n<\/tr>\n<tr>\n<td>4 adultos<\/td>\n<td>$660.00<\/td>\n<\/tr>\n<tr>\n<td align=\"left\" valign=\"top\"><strong>Loft de tres rec\u00e1maras<\/strong><\/td>\n<td align=\"left\" valign=\"top\"><strong>Precio<\/strong><\/td>\n<\/tr>\n<tr>\n<td>3 adultos<\/td>\n<td>$645.00<\/td>\n<\/tr>\n<tr>\n<td>4 adultos<\/td>\n<td>$740.00<\/td>\n<\/tr>\n<tr>\n<td>5 adultos<\/td>\n<td>$875.00<\/td>\n<\/tr>\n<tr>\n<td>6 adultos<\/td>\n<td>$990.00<\/td>\n<\/tr>\n<\/tbody>\n<\/table>\n<\/div><\/div><div class=\"wpb_text_column\"><div class=\"wpb_wrapper\"><h3>Condiciones:<\/h3>\n<ul>\n<li><strong>Condiciones especiales:<\/strong><\/li>\n<li>Estancia m\u00ednima de 2 noches.<\/li>\n<li>Para ocupaci\u00f3n individual, agregar 50 % a la tarifa por persona en ocupaci\u00f3n doble (solo disponible para el loft de una rec\u00e1mara).<\/li>\n<li>Ni\u00f1os hasta 2 a\u00f1os: gratis.<\/li>\n<li>Ni\u00f1os de 3 a 12 a\u00f1os: + $110.00 por noche (temporada alta) \/ + $90.00 por noche (temporada baja).<\/li>\n<li>Para el loft de tres rec\u00e1maras, si solo hay dos adultos, el primer ni\u00f1o se cuenta como adulto.<\/li>\n<\/ul>\n<p><strong>El Paquete Al Natural Villa incluye:<\/strong><\/p>\n<p>Transferencia del Aeropuerto de Bocas y el regreso a la ciudad de Bocas, tal como descrito en la secci\u00f3n de informaci\u00f3n de llegadas y transfer en bote, en esta p\u00e1gina web ;<br \/>\n\u2013 Limpieza diaria del apartamento ;<br \/>\n\u2013 Tres deliciosas comidas al d\u00eda (desayuno, almuerzo y comida) servido en Al Natural Resort, brindamos vino con la cena ;<br \/>\n\u2013 WIFI (perfecto por mail y servicios telef\u00f3nicos, por favor no streaming de pel\u00edcula o uploading y downloading de grande cuantidad de informaci\u00f3n) ;<br \/>\n\u2013 Uso ilimitado de los kayaks y el equipo de snorkel en la villa y el resort.<br \/>\n\u2013 Servicio de compras en Bocas Town si desea disfrutar algo diferente en su loft, y no lo tenemos en el bar o la cocina del resort, lo traeremos de Bocas en nuestro pr\u00f3ximo bote para usted. El costo ser\u00e1 agregado a su cuenta al check out).<\/p>\n<p>Por favor, tenga en cuenta que puede ir por $10.00 p.p. en cualquiera de los recorridos en lancha que ya hemos programado al pueblo\u00a0de Bocas.<\/p>\n<p>Esta tarifa no incluye viaje en bote o excursiones con gu\u00edas, consumo en el bar, impuestos locales de 8.5% y las propinas (le sugerimos 5% del monto de Su estad\u00eda).<\/p>\n<\/div><\/div><div class=\"wpb_text_column us_custom_b407445f has_text_color\"><div class=\"wpb_wrapper\"><h2>\u00a0PAQUETE VILLA TODO INCLUIDO<\/h2>\n<h2><\/h2>\n<\/div><\/div><div class=\"wpb_text_column\"><div class=\"wpb_wrapper\"><h5><strong>TEMPORADAS BAJA y ALTA<\/strong><\/h5>\n<p><strong>2 noches m\u00ednima, Precio por noche, per caba\u00f1a, con el Paquete Villa Todo Incluido (en d\u00f3lares americanos) <\/strong><\/p>\n<p>+ <span class=\"s1\">$80.00<\/span> por adulto por noche<\/p>\n<p>+ $40.00 por ni\u00f1o por noche<\/p>\n<\/div><\/div><div class=\"wpb_text_column\"><div class=\"wpb_wrapper\"><h3>Qu\u00e9 incluye el Paquete Villa Todo Incluido:<\/h3>\n<p>Adem\u00e1s de lo que se incluye en el paquete Al Natural Villa, describido arriba, en el Paquete Villa Todo Incluido se incluyen todas las bebidas alcoh\u00f3licas y no alcoh\u00f3licas, y una excursi\u00f3n diaria.<\/p>\n<p>Las excursiones suelen ser paseos en lancha de 3 a 4 horas (medio d\u00eda). Con una estad\u00eda de dos noches, ofrecemos un paseo en lancha a la id\u00edlica playa de los cayos Zapatillas en el parque marino nacional con paradas para bucear con esn\u00f3rquel, un paseo para bucear con esn\u00f3rquel a Crawl Cay y sus alrededores o un viaje en \u201ccayuco\u201d (una canoa tradicional de madera) por los r\u00edos de manglares para observar la fauna silvestre y la aldea india de Salt Creek. Con una estad\u00eda de 3 o m\u00e1s noches, usted puede escoger adem\u00e1s entre varias caminatas (de 3 a 6 horas) por la Selva del Parque Nacional de Bastimentos y las playas de Isla Bastimentos, un viaje en Lancha a la Bah\u00cca de los Delfines, a Playa Larga o a la Playa de la Rana Roja, o un viaje en lancha privada al pueblo de Bocas en Isla Col\u00f3n. Cuando es posible, tambi\u00e9n se pueden hacer excursiones de todo el d\u00eda, con almuerzo preparado en el resort.<\/p>\n<p>A Al Natural, tenemos un \u00abfull bar\u00bb. Tragos cl\u00e1sicos son los Pina-Colada, Margarittas, Passion Fruit Daikiris y otros cocteles y tragos basados con jugos de frutas natural y ron locales y importados. Por favor nota que no son incluido los alcoholes con edad grande.<\/p>\n<p>CONDICIONES:<\/p>\n<p>El Paquete Villa Todo Incluido requiere una estad\u00eda m\u00ednima de dos noches. Todas las personas que reserven este paquete por cinco o mas noches deben tener en cuenta el numero limitado de excursiones en lancha.<\/p>\n<p>Algunas excursiones dependen del clima y de las condiciones del mar. Las excursiones y las actividades requieren un m\u00ednimo de dos participantes. No es necesario reservar por adelantado los paseos y las giras. Cada d\u00eda decidimos el programa diario, seg\u00fan el clima y lo que Ustedes deseen.<\/p>\n<p>Por valor nota que las entradas a pagar para visitar la comunidad de Quebrada Salt ($2.00 p.p.) no esta incluida. Tampoco son incluidos lo que esta cobrado por proveedores de servicios que no son de Al Natural: caminatas ofrecidas por las comunidades ind\u00edgenas, profesor o gu\u00eda de surfeo, costo del zip lines a Red Frog, pero si son incluidos en nuestro paquetes los gastos de transporte para llegar a los lugares donde se puede recibir esos servicios.<\/p>\n<p>Si los clientes quieren hacer actividades de buceo con tanques o ir pescar con nuestro bote (\u201ctrolling\u201d), ellos van recibir un descuento si los clientes no hacen otro tour este d\u00eda.<\/p>\n<p>Tenga en cuenta que nosotros tenemos una gran colecci\u00f3n de ron y otros alcohol y que las licores superiores m\u00e1s cara de mas edad no est\u00e1n incluidas en el paquete.<\/p>\n<\/div><\/div><div class=\"w-socials color_brand shape_square style_default hover_fade\"><div class=\"w-socials-list\"><div class=\"w-socials-item facebook\"><a target=\"_blank\" rel=\"nofollow\" href=\"#\" class=\"w-socials-item-link\" aria-label=\"Facebook\"><span class=\"w-socials-item-link-hover\"><\/span><i class=\"fab fa-facebook\"><\/i><\/a><div class=\"w-socials-item-popup\"><span>Facebook<\/span><\/div><\/div><div class=\"w-socials-item twitter\"><a target=\"_blank\" rel=\"nofollow\" href=\"#\" class=\"w-socials-item-link\" aria-label=\"X\"><span class=\"w-socials-item-link-hover\"><\/span><i class=\"fab fa-x-twitter\"><svg style=\"width:1em; margin-bottom:-.1em;\" xmlns=\"http:\/\/www.w3.org\/2000\/svg\" viewBox=\"0 0 512 512\" role=\"presentation\"><path fill=\"currentColor\" d=\"M389.2 48h70.6L305.6 224.2 487 464H345L233.7 318.6 106.5 464H35.8L200.7 275.5 26.8 48H172.4L272.9 180.9 389.2 48zM364.4 421.8h39.1L151.1 88h-42L364.4 421.8z\"\/><\/svg><\/i><\/a><div class=\"w-socials-item-popup\"><span>X<\/span><\/div><\/div><div class=\"w-socials-item email\"><a target=\"_blank\" rel=\"nofollow\" href=\"#\" class=\"w-socials-item-link\" aria-label=\"Correo electr\u00f3nico\"><span class=\"w-socials-item-link-hover\"><\/span><i class=\"fas fa-envelope\"><\/i><\/a><div class=\"w-socials-item-popup\"><span>Correo electr\u00f3nico<\/span><\/div><\/div><\/div><\/div><\/div><\/div><\/div><\/div><div class=\"w-separator size_medium\"><\/div><\/div><\/div><\/div><div class=\"vc_col-sm-3 wpb_column vc_column_container\"><div class=\"vc_column-inner\"><div class=\"wpb_wrapper\"><div class=\"wpb_widgetised_column wpb_content_element\"><div class=\"wpb_wrapper\"><div id=\"mod_vikbooking_horizontalsearch-6\" class=\"widget widget_mod_vikbooking_horizontalsearch\"><h3 class=\"widgettitle\">RESERVE AHORA !<\/h3>\n<div class=\"vbmodhorsearchmaindiv vbo-horizsearch-standardformat-wrap\">\n\t<form action=\"https:\/\/www.alnaturalresort.com\/booking\/?task=search\" method=\"post\" id=\"vbo-mod-horsearch-form-923\">\n\t\t<input type=\"hidden\" name=\"task\" value=\"search\" \/>\n\t\t<div class=\"vbmodhorsearchcheckindiv\">\n\t\t\t<label for=\"checkindatemod923\">Check-in date<\/label>\n\t\t\t<div class=\"input-group\">\n\t\t\t\t<input type=\"text\" name=\"checkindate\" id=\"checkindatemod923\" size=\"10\" autocomplete=\"off\" onfocus=\"this.blur();\" readonly\/>\n\t\t\t\t<i class=\"far fa-calendar-days vbo-caltrigger\"><\/i>\t\t\t\t<input type=\"hidden\" name=\"checkinh\" value=\"12\"\/>\n\t\t\t\t<input type=\"hidden\" name=\"checkinm\" value=\"0\"\/>\n\t\t\t<\/div>\n\t\t<\/div>\n\t\t<div class=\"vbmodhorsearchcheckoutdiv\">\n\t\t\t<label for=\"checkoutdatemod923\">Check-out date<\/label>\n\t\t\t<div class=\"input-group\">\n\t\t\t\t<input type=\"text\" name=\"checkoutdate\" id=\"checkoutdatemod923\" size=\"10\" autocomplete=\"off\" onfocus=\"this.blur();\" readonly\/>\n\t\t\t\t<i class=\"far fa-calendar-days vbo-caltrigger\"><\/i>\t\t\t\t<input type=\"hidden\" name=\"checkouth\" value=\"9\"\/>\n\t\t\t\t<input type=\"hidden\" name=\"checkoutm\" value=\"0\"\/>\n\t\t\t<\/div>\n\t\t<\/div>\n\t\t\t<div class=\"vbmodhorsearchtotnights\" id=\"vbjstotnightsmod923\"><\/div>\n\t\t\t<div class=\"vbmodhorsearchrac\">\n\t\t\n\t\t\t<div class=\"vbmodhorsearchroomsel\">\n\t\t\t\t<label for=\"vbmodformroomsn923\">Habitaciones<\/label>\t\t\t\t<span class=\"vbhsrnselsp\"><select name=\"roomsnum\" id=\"vbmodformroomsn923\" onchange=\"vbSetRoomsAdultsMod923(this.value);\">\n<option value=\"1\">1<\/option>\n<option value=\"2\">2<\/option>\n<option value=\"3\">3<\/option>\n<option value=\"4\">4<\/option>\n<option value=\"5\">5<\/option>\n<option value=\"6\">6<\/option>\n<option value=\"7\">7<\/option>\n<option value=\"8\">8<\/option>\n<option value=\"9\">9<\/option>\n<option value=\"10\">10<\/option>\n<\/select><\/span>\n\t\t\t<\/div>\n\t\t\t\n\t\t\t<div class=\"vbmodhorsearchroomdentr\">\n\t\t\t\t\n\t\t\t\t<div class=\"vbmodhorsearchroomdentrfirst\">\n\t\t\t\t\t<span class=\"horsrnum\">Room 1<\/span>\t\t\t\t\t<div class=\"horsanumdiv\">\n\t\t\t\t\t\t<label class=\"horsanumlb\" for=\"vbo-mhs-adults-923\">Adultos<\/label>\n\t\t\t\t\t\t<span class=\"horsanumsel\"><select name=\"adults[]\" id=\"vbo-mhs-adults-923\" onchange=\"vbCountTotGuests923();\"><option value=\"1\">1<\/option><option value=\"2\" selected=\"selected\">2<\/option><option value=\"3\">3<\/option><option value=\"4\">4<\/option><option value=\"5\">5<\/option><option value=\"6\">6<\/option><\/select><\/span>\n\t\t\t\t\t<\/div>\n\t\t\t\t\t\t\t\t\t\t<div class=\"horscnumdiv\">\n\t\t\t\t\t\t<label class=\"horscnumlb\" for=\"vbo-mhs-children-923\">Ni\u00f1os<\/label>\n\t\t\t\t\t\t<span class=\"horscnumsel\"><select name=\"children[]\" id=\"vbo-mhs-children-923\" onchange=\"vbCountTotGuests923();\"><option value=\"0\">0<\/option><option value=\"1\">1<\/option><option value=\"2\">2<\/option><option value=\"3\">3<\/option><option value=\"4\">4<\/option><option value=\"5\">5<\/option><\/select><\/span>\n\t\t\t\t\t<\/div>\n\t\t\t\t\t\t\t\t\t<\/div>\n\t\t\t\t\n\t\t\t\t<div class=\"vbmoreroomscontmod\" id=\"vbmoreroomscontmod923\"><\/div>\n\t\t\t\t\n\t\t\t<\/div>\n\t\t\t\n\t\t<\/div>\n\t\t\t<div class=\"vbmodhorsearchbookdiv\">\n\t\t\t<button type=\"submit\" id=\"vbo-mod-horsearch-sbt-923\" class=\"btn vbsearchinputmodhors vbo-pref-color-btn\">RESERVE AHORA<\/button>\n\t\t<\/div>\n\n\t\t<script type=\"text\/javascript\">\n\t\t\tjQuery(function() {\n\t\t\t\tjQuery('button#vbo-mod-horsearch-sbt-923').on('click', function(e) {\n\t\t\t\t\te.preventDefault();\n\t\t\t\t\tjQuery(this).prop('disabled', true);\n\t\t\t\t\tjQuery(this).html('<i class=\"fas fa-circle-notch fa-spin fa-fw\"><\/i> ' + jQuery(this).text());\n\t\t\t\t\tjQuery(this).closest('form').submit();\n\t\t\t\t});\n\t\t\t});\n\t\t<\/script>\n\t\t<\/form>\n<\/div>\n\n<div class=\"vbo-modhs-js-helpers\" style=\"display: none;\">\n\t<div class=\"vbo-modhs-add-element-html\">\n\t\t<div class=\"vbmodhorsearchroomdentr\">\n\t\t\t<span class=\"horsrnum\">Room %d<\/span>\n\t\t\t<div class=\"horsanumdiv\">\n\t\t\t\t<label style=\"display: none;\" for=\"vbo-mhs-adults-923-hid\">Adultos<\/label>\n\t\t\t\t<span class=\"horsanumsel\"><select name=\"adults[]\" id=\"vbo-mhs-adults-923-hid\" onchange=\"vbCountTotGuests923();\"><option value=\"1\">1<\/option><option value=\"2\" selected=\"selected\">2<\/option><option value=\"3\">3<\/option><option value=\"4\">4<\/option><option value=\"5\">5<\/option><option value=\"6\">6<\/option><\/select><\/span>\n\t\t\t\t\t\t\t<div class=\"horscnumdiv\">\n\t\t\t\t\t<label style=\"display: none;\" for=\"vbo-mhs-children-923-hid\">Ni\u00f1os<\/label>\n\t\t\t\t\t<span class=\"horscnumsel\"><select name=\"children[]\" id=\"vbo-mhs-children-923-hid\" onchange=\"vbCountTotGuests923();\"><option value=\"0\">0<\/option><option value=\"1\">1<\/option><option value=\"2\">2<\/option><option value=\"3\">3<\/option><option value=\"4\">4<\/option><option value=\"5\">5<\/option><\/select><\/span>\n\t\t\t\t<\/div>\n\t\t\t\t\t\t\t<\/div>\n\t\t<\/div>\n\t<\/div>\n<\/div>\n\n<script type=\"text\/javascript\">\nfunction vboModHorSearchSendRequest(elem, formId) {\n\tvar form_el = document.getElementById('vbo-mod-horsearch-form-' + formId);\n\tif (!form_el) {\n\t\tconsole.error('form not found', formId);\n\t\treturn false;\n\t}\n\n\t\/\/ valid all form required fields\n\tif (typeof form_el.checkValidity === 'function' && !form_el.checkValidity()) {\n\t\t\/\/ modern browsers will support this HTML5 method to check the form required fields\n\t\talert(Joomla.JText._('VBO_PLEASE_FILL_FIELDS'));\n\t\treturn false;\n\t}\n\n\t\/\/ make sure the dates have been selected\n\tvar checkin_date_el = jQuery(form_el).find('input[name=\"checkindate\"]');\n\tvar checkout_date_el = jQuery(form_el).find('input[name=\"checkoutdate\"]');\n\tif (!checkin_date_el.length || !checkin_date_el.val().length || !checkout_date_el.length || !checkout_date_el.val().length) {\n\t\talert(Joomla.JText._('VBO_PLEASE_SEL_DATES'));\n\t\treturn false;\n\t}\n\t\/\/ make sure the dates are not identical to have a min stay of 1 night\n\t\/\/ as by default the datepicker could set equal dates to the hidden fields.\n\tif (checkin_date_el.val() == checkout_date_el.val()) {\n\t\talert(Joomla.JText._('VBO_PLEASE_SEL_DATES'));\n\t\treturn false;\n\t}\n\n\t\/\/ disable the send request button to avoid double submissions\n\telem.disabled = true;\n\t\n\t\/\/ get form values\n\tvar qstring = jQuery(form_el).serialize();\n\n\t\/\/ make sure the task is not set\n\tqstring = qstring.replace('task=search', '');\n\tqstring = qstring.replace('view=search', '');\n\n\t\/\/ make the ajax request to the controller\n\tjQuery.ajax({\n\t\ttype: \"POST\",\n\t\turl: \"https:\/\/www.alnaturalresort.com\/wp-admin\/admin-ajax.php?task=submit_inquiry&Itemid=1494&action=vikbooking&vik_ajax_client=site\",\n\t\tdata: qstring\n\t}).done(function(res) {\n\t\tif (!res.hasOwnProperty('status')) {\n\t\t\talert('Invalid response');\n\t\t\t\/\/ re-enable the button\n\t\t\telem.disabled = false;\n\t\t\treturn false;\n\t\t}\n\t\tif (!res.status) {\n\t\t\talert(res.error);\n\t\t\t\/\/ re-enable the button\n\t\t\telem.disabled = false;\n\t\t\treturn false;\n\t\t}\n\t\t\/\/ show success message by replacing all fields\n\t\tjQuery('.vbo-mod-horsearch-inquiry-fields').html('<p class=\"vbo-mod-horsearch-inquiry-mess-success\">' + Joomla.JText._('VBO_THANKS_INQ_SUBMITTED') + '<\/p>');\n\t\t\/\/ remove submit button container\n\t\tjQuery('.vbo-mod-horsearch-inquiry-submit').remove();\n\t}).fail(function(err) {\n\t\talert(err.responseText);\n\t\t\/\/ re-enable the button\n\t\telem.disabled = false;\n\t});\n}\n\nfunction vboModHorSearchBookOnline(formId) {\n\tvar form_el = document.getElementById('vbo-mod-horsearch-form-' + formId);\n\tif (!form_el) {\n\t\tconsole.error('form not found', formId);\n\t\treturn false;\n\t}\n\n\t\/\/ we need to let a button of type button trigger the submit of the \"check availability\"\n\t\/\/ or in case of inquiry, the browser will check the validity of the required fields.\n\n\t\/\/ we only check if the dates have been selected\n\tvar checkin_date_el = jQuery(form_el).find('input[name=\"checkindate\"]');\n\tvar checkout_date_el = jQuery(form_el).find('input[name=\"checkoutdate\"]');\n\tif (!checkin_date_el.length || !checkin_date_el.val().length || !checkout_date_el.length || !checkout_date_el.val().length) {\n\t\talert(Joomla.JText._('VBO_PLEASE_SEL_DATES'));\n\t\treturn false;\n\t}\n\n\t\/\/ make sure the dates are not identical to have a min stay of 1 night\n\t\/\/ as by default the datepicker could set equal dates to the hidden fields.\n\tif (checkin_date_el.val() == checkout_date_el.val()) {\n\t\talert(Joomla.JText._('VBO_PLEASE_SEL_DATES'));\n\t\treturn false;\n\t}\n\n\t\/\/ simply submit the form to start the booking process\n\tform_el.submit();\n\n\treturn true;\n}\n\nfunction vbAddElementMod923() {\n\tvar ni = document.getElementById('vbmoreroomscontmod923');\n\tvar numi = document.getElementById('vbroomhelpermod923');\n\tvar num = (document.getElementById('vbroomhelpermod923').value -1) + 2;\n\tnumi.value = num;\n\tvar newdiv = document.createElement('div');\n\tvar divIdName = 'vb'+num+'racont';\n\tnewdiv.setAttribute('id', divIdName);\n\t\/\/ build HTML content to append to new element\n\tvar new_element_html = document.getElementsByClassName('vbo-modhs-add-element-html')[0].innerHTML;\n\t\/\/ set room number\n\tlet rp_rgx = new RegExp('%d', 'g');\n\tnew_element_html = new_element_html.replace(rp_rgx, num);\n\t\/\/ get rid of label tag (Web Accessibility)\n\tlet lbl_rgx = new RegExp(\/<label\\s.+>.+<\\\/label>\/, 'g');\n\tnew_element_html = new_element_html.replace(lbl_rgx, '');\n\t\/\/ get rid of any id attribute (Web Accessibility)\n\tlet idattr_rgx = new RegExp(\/id=\"[^\\\"]+\"\/, 'g');\n\tnew_element_html = new_element_html.replace(idattr_rgx, '');\n\t\/\/ set HTML content and append element\n\tnewdiv.innerHTML = new_element_html;\n\tni.appendChild(newdiv);\n}\n\nfunction vbSetRoomsAdultsMod923(totrooms) {\n\tvar actrooms = parseInt(document.getElementById('vbroomhelpermod923').value);\n\tvar torooms = parseInt(totrooms);\n\tvar difrooms;\n\tif (torooms > actrooms) {\n\t\tdifrooms = torooms - actrooms;\n\t\tfor (var ir = 1; ir <= difrooms; ir++) {\n\t\t\tvbAddElementMod923();\n\t\t}\n\t}\n\tif (torooms < actrooms) {\n\t\tfor (var ir = actrooms; ir > torooms; ir--) {\n\t\t\tif (ir > 1) {\n\t\t\t\tvar rmra = document.getElementById('vb' + ir + 'racont');\n\t\t\t\trmra.parentNode.removeChild(rmra);\n\t\t\t}\n\t\t}\n\t\tdocument.getElementById('vbroomhelpermod923').value = torooms;\n\t}\n\tif (document.getElementById('vbmodhorsearch-hum-guests-rooms923')) {\n\t\tdocument.getElementById('vbmodhorsearch-hum-guests-rooms923').innerText = torooms;\n\t\tvbCountTotGuests923();\n\t}\n}\n\nfunction vbCountTotGuests923() {\n\tif (!document.getElementById('vbmodhorsearch-hum-guests-rooms923')) {\n\t\treturn;\n\t}\n\tvar totadults = 0;\n\tvar totchildren = 0;\n\tjQuery('#vbmodhorsearch-hum-guests-count923').parent().find('select[name=\"adults[]\"]').each(function() {\n\t\tvar curel = jQuery(this).find('option:selected');\n\t\tif (curel.length) {\n\t\t\ttotadults += parseInt(curel.val());\n\t\t}\n\t});\n\tjQuery('#vbmodhorsearch-hum-guests-adults923').text(totadults);\n\tif (jQuery('#vbmodhorsearch-hum-guests-children923').length) {\n\t\tjQuery('#vbmodhorsearch-hum-guests-count923').parent().find('select[name=\"children[]\"]').each(function() {\n\t\t\tvar curel = jQuery(this).find('option:selected');\n\t\t\tif (curel.length) {\n\t\t\t\ttotchildren += parseInt(curel.val());\n\t\t\t}\n\t\t});\n\t\tjQuery('#vbmodhorsearch-hum-guests-children923').text(totchildren);\n\t}\n}\n\nfunction vbCalcNightsMod923() {\n\tvar vbcheckin = document.getElementById('checkindatemod923').value;\n\tvar vbcheckout = document.getElementById('checkoutdatemod923').value;\n\tif (vbcheckin.length > 0 && vbcheckout.length > 0) {\n\t\tvar vbcheckinp = vbcheckin.split(\"\/\");\n\t\tvar vbcheckoutp = vbcheckout.split(\"\/\");\n\t\t\tvar vbinmonth = parseInt(vbcheckinp[1]);\n\t\tvbinmonth = vbinmonth - 1;\n\t\tvar vbinday = parseInt(vbcheckinp[0], 10);\n\t\tvar vbcheckind = new Date(vbcheckinp[2], vbinmonth, vbinday);\n\t\tvar vboutmonth = parseInt(vbcheckoutp[1]);\n\t\tvboutmonth = vboutmonth - 1;\n\t\tvar vboutday = parseInt(vbcheckoutp[0], 10);\n\t\tvar vbcheckoutd = new Date(vbcheckoutp[2], vboutmonth, vboutday);\n\t\t\t\tvar vbdivider = 1000 * 60 * 60 * 24;\n\t\tvar vbints = vbcheckind.getTime();\n\t\tvar vboutts = vbcheckoutd.getTime();\n\t\tif (vboutts > vbints) {\n\t\t\t\/\/var vbnights = Math.ceil((vboutts - vbints) \/ (vbdivider));\n\t\t\tvar utc1 = Date.UTC(vbcheckind.getFullYear(), vbcheckind.getMonth(), vbcheckind.getDate());\n\t\t\tvar utc2 = Date.UTC(vbcheckoutd.getFullYear(), vbcheckoutd.getMonth(), vbcheckoutd.getDate());\n\t\t\tvar vbnights = Math.ceil((utc2 - utc1) \/ vbdivider);\n\t\t\tif (vbnights > 0) {\n\t\t\t\tdocument.getElementById('vbjstotnightsmod923').innerHTML = '<div class=\"vbo-horizsearch-numnights-inner\"><span>Nights:<\/span> <span>'+vbnights+'<\/span><\/div>';\n\t\t\t} else {\n\t\t\t\tdocument.getElementById('vbjstotnightsmod923').innerHTML = '';\n\t\t\t}\n\t\t} else {\n\t\t\tdocument.getElementById('vbjstotnightsmod923').innerHTML = '';\n\t\t}\n\t} else {\n\t\tdocument.getElementById('vbjstotnightsmod923').innerHTML = '';\n\t}\n}\n<\/script>\n\n<input type=\"hidden\" id=\"vbroomhelpermod923\" value=\"1\"\/>\n<\/div><div id=\"custom_html-7\" class=\"widget_text widget widget_custom_html\"><h3 class=\"widgettitle\">NEWS<\/h3><div class=\"textwidget custom-html-widget\"><a href=\"https:\/\/www.alnaturalresort.com\/es\/ofertas-especiales-infos-ultima-hora\/\">OFERTAS ESPECIALES INFOS \u00daLTIMA HORA\r\n<\/a>\r\n<hr style=\"border-top: 0.5px dotted;  margin-top:20px; color:#B0C4DE;\"><\/div><\/div><div id=\"text-7\" class=\"widget widget_text\"><h3 class=\"widgettitle\">TRIP ADVISORS<\/h3>\t\t\t<div class=\"textwidget\"><p><em>\u00bb El resort est\u00e1 ubicado en un entorno natural \u00fanico, si buscas desconexi\u00f3n real del ruido de la ciudad y conexi\u00f3n fuerte con la naturaleza y uno mismo, este sin dudas es un lugar perfecto\u2026 Finalmente cabe destacar la gran amabilidad del Staff, tanto Vincent c\u00f3mo Abner, y el resto del personal ofrecen un recibimiento familiar y acogedor. \u00ab<\/em><\/p>\n<p>Por Juan M publicada publicado en Trip Advisor el 3 de sept. de 2018<\/p>\n<\/div>\n\t\t<\/div><\/div><\/div><\/div><\/div><\/div><\/div><\/div><\/section>\n","protected":false},"excerpt":{"rendered":"PRECIOS DE LOS PAQUETES AL NATURAL VILLA \u00a0 TEMPORADA ALTA (de diciembre a abril) 2026-2027 2 noches m\u00ednima, Precio por noche, per caba\u00f1a, con el Paquete Al Natural Villa (en d\u00f3lares americanos) Loft de una rec\u00e1mara Precio 2 adultos $550.00 3 adultos $700.00 4 adultos $840.00 Loft de tres rec\u00e1maras Precio 3 adultos $780.00 4...","protected":false},"author":1,"featured_media":0,"parent":0,"menu_order":0,"comment_status":"closed","ping_status":"closed","template":"","meta":{"footnotes":""},"class_list":["post-2786","page","type-page","status-publish","hentry"],"_links":{"self":[{"href":"https:\/\/www.alnaturalresort.com\/es\/wp-json\/wp\/v2\/pages\/2786","targetHints":{"allow":["GET"]}}],"collection":[{"href":"https:\/\/www.alnaturalresort.com\/es\/wp-json\/wp\/v2\/pages"}],"about":[{"href":"https:\/\/www.alnaturalresort.com\/es\/wp-json\/wp\/v2\/types\/page"}],"author":[{"embeddable":true,"href":"https:\/\/www.alnaturalresort.com\/es\/wp-json\/wp\/v2\/users\/1"}],"replies":[{"embeddable":true,"href":"https:\/\/www.alnaturalresort.com\/es\/wp-json\/wp\/v2\/comments?post=2786"}],"version-history":[{"count":8,"href":"https:\/\/www.alnaturalresort.com\/es\/wp-json\/wp\/v2\/pages\/2786\/revisions"}],"predecessor-version":[{"id":19321,"href":"https:\/\/www.alnaturalresort.com\/es\/wp-json\/wp\/v2\/pages\/2786\/revisions\/19321"}],"wp:attachment":[{"href":"https:\/\/www.alnaturalresort.com\/es\/wp-json\/wp\/v2\/media?parent=2786"}],"curies":[{"name":"wp","href":"https:\/\/api.w.org\/{rel}","templated":true}]}}