{"id":3018,"date":"2021-02-18T10:18:58","date_gmt":"2021-02-18T09:18:58","guid":{"rendered":"http:\/\/lab.crd.be\/alnatural\/wifi-and-others\/"},"modified":"2021-03-11T09:40:20","modified_gmt":"2021-03-11T08:40:20","slug":"wifi-y-varios","status":"publish","type":"page","link":"https:\/\/www.alnaturalresort.com\/es\/wifi-y-varios\/","title":{"rendered":"WIFI Y VARIOS"},"content":{"rendered":"<section class=\"l-section wpb_row height_huge with_img\" id=\"image-Header\"><div class=\"l-section-img\" role=\"img\" aria-label=\"Imagen\" data-img-width=\"1039\" data-img-height=\"394\" style=\"background-image: url(https:\/\/www.alnaturalresort.com\/wp-content\/uploads\/2021\/02\/Fernando-Bocanegra-0471.jpg);background-position: top center;background-repeat: no-repeat;\"><\/div><div class=\"l-section-h i-cf\"><div class=\"g-cols vc_row via_flex valign_top type_default stacking_default\"><div class=\"vc_col-sm-12 wpb_column vc_column_container\"><div class=\"vc_column-inner\"><div class=\"wpb_wrapper\"><\/div><\/div><\/div><\/div><\/div><\/section><section class=\"l-section wpb_row height_medium\"><div class=\"l-section-h i-cf\"><div class=\"g-cols vc_row via_flex valign_top type_boxes stacking_default\"><div class=\"vc_col-sm-9 wpb_column vc_column_container\"><div class=\"vc_column-inner\"><div class=\"wpb_wrapper\"><div class=\"g-cols wpb_row via_flex valign_top type_default stacking_default\"><div class=\"vc_col-sm-12 wpb_column vc_column_container\"><div class=\"vc_column-inner\"><div class=\"wpb_wrapper\"><div class=\"wpb_text_column\"><div class=\"wpb_wrapper\"><h1>WIFI Y VARIOS<\/h1>\n<\/div><\/div><div class=\"w-separator size_small\"><\/div><div class=\"wpb_text_column us_custom_fb5a478f has_text_color\"><div class=\"wpb_wrapper\"><h2>IDIOMAS<\/h2>\n<\/div><\/div><div class=\"wpb_text_column\"><div class=\"wpb_wrapper\"><p>En el resort se habla espa\u00f1ol, ingl\u00e9s y franc\u00e9s.<\/p>\n<\/div><\/div><div class=\"w-separator size_small\"><\/div><div class=\"wpb_text_column us_custom_fb5a478f has_text_color\"><div class=\"wpb_wrapper\"><h2>MONEDAS<\/h2>\n<\/div><\/div><div class=\"wpb_text_column\"><div class=\"wpb_wrapper\"><p>El balboa tiene un valor equivalente al d\u00f3lar americano. La \u00fanica moneda que se utiliza es el d\u00f3lar americano.<\/p>\n<\/div><\/div><div class=\"w-separator size_small\"><\/div><div class=\"wpb_text_column us_custom_fb5a478f has_text_color\"><div class=\"wpb_wrapper\"><h2>ELECTRICIDAD<\/h2>\n<\/div><\/div><div class=\"wpb_text_column\"><div class=\"wpb_wrapper\"><p>110 voltios en Panam\u00e1. Las caba\u00f1as est\u00e1n dotadas de bombillos y ventiladores de 12 voltios accionados por energ\u00eda solar. El restaurante est\u00e1 dotado de enchufes de 110 voltios que permiten cargar c\u00e1maras y otros aparatos el\u00e9ctricos peque\u00f1os.<\/p>\n<\/div><\/div><div class=\"w-separator size_small\"><\/div><div class=\"wpb_text_column us_custom_fb5a478f has_text_color\"><div class=\"wpb_wrapper\"><h2>WIFI<\/h2>\n<\/div><\/div><div class=\"wpb_text_column\"><div class=\"wpb_wrapper\"><p>No tenemos WIFI o cubertura de cellular a Al Natural (\u00abthe best side of Digital Detox\u00bb). Pero si Usted debe connectarse, es muy facil, tenemos un lugar que es nuestro Hot Spot gratis, en la misma playa, a 8 minutos caminando.<\/p>\n<\/div><\/div><div class=\"w-separator size_small\"><\/div><div class=\"wpb_text_column us_custom_fb5a478f has_text_color\"><div class=\"wpb_wrapper\"><h2>VACUNAS<\/h2>\n<\/div><\/div><div class=\"wpb_text_column\"><div class=\"wpb_wrapper\"><p>Ninguna obligatoria.<\/p>\n<\/div><\/div><div class=\"w-separator size_medium\"><\/div><div class=\"w-socials color_brand shape_square style_default hover_fade\"><div class=\"w-socials-list\"><div class=\"w-socials-item facebook\"><a target=\"_blank\" rel=\"nofollow\" href=\"#\" class=\"w-socials-item-link\" aria-label=\"Facebook\"><span class=\"w-socials-item-link-hover\"><\/span><i class=\"fab fa-facebook\"><\/i><\/a><div class=\"w-socials-item-popup\"><span>Facebook<\/span><\/div><\/div><div class=\"w-socials-item twitter\"><a target=\"_blank\" rel=\"nofollow\" href=\"#\" class=\"w-socials-item-link\" aria-label=\"X\"><span class=\"w-socials-item-link-hover\"><\/span><i class=\"fab fa-x-twitter\"><svg style=\"width:1em; margin-bottom:-.1em;\" xmlns=\"http:\/\/www.w3.org\/2000\/svg\" viewBox=\"0 0 512 512\" role=\"presentation\"><path fill=\"currentColor\" d=\"M389.2 48h70.6L305.6 224.2 487 464H345L233.7 318.6 106.5 464H35.8L200.7 275.5 26.8 48H172.4L272.9 180.9 389.2 48zM364.4 421.8h39.1L151.1 88h-42L364.4 421.8z\"\/><\/svg><\/i><\/a><div class=\"w-socials-item-popup\"><span>X<\/span><\/div><\/div><div class=\"w-socials-item email\"><a target=\"_blank\" rel=\"nofollow\" href=\"#\" class=\"w-socials-item-link\" aria-label=\"Correo electr\u00f3nico\"><span class=\"w-socials-item-link-hover\"><\/span><i class=\"fas fa-envelope\"><\/i><\/a><div class=\"w-socials-item-popup\"><span>Correo electr\u00f3nico<\/span><\/div><\/div><\/div><\/div><\/div><\/div><\/div><\/div><\/div><\/div><\/div><div class=\"vc_col-sm-3 wpb_column vc_column_container\"><div class=\"vc_column-inner\"><div class=\"wpb_wrapper\"><div class=\"wpb_widgetised_column wpb_content_element\"><div class=\"wpb_wrapper\"><div id=\"mod_vikbooking_horizontalsearch-6\" class=\"widget widget_mod_vikbooking_horizontalsearch\"><h3 class=\"widgettitle\">RESERVE AHORA !<\/h3>\n<div class=\"vbmodhorsearchmaindiv vbo-horizsearch-standardformat-wrap\">\n\t<form action=\"https:\/\/www.alnaturalresort.com\/booking\/?task=search\" method=\"post\" id=\"vbo-mod-horsearch-form-52\">\n\t\t<input type=\"hidden\" name=\"task\" value=\"search\" \/>\n\t\t<div class=\"vbmodhorsearchcheckindiv\">\n\t\t\t<label for=\"checkindatemod52\">Check-in date<\/label>\n\t\t\t<div class=\"input-group\">\n\t\t\t\t<input type=\"text\" name=\"checkindate\" id=\"checkindatemod52\" size=\"10\" autocomplete=\"off\" onfocus=\"this.blur();\" readonly\/>\n\t\t\t\t<i class=\"far fa-calendar-days vbo-caltrigger\"><\/i>\t\t\t\t<input type=\"hidden\" name=\"checkinh\" value=\"12\"\/>\n\t\t\t\t<input type=\"hidden\" name=\"checkinm\" value=\"0\"\/>\n\t\t\t<\/div>\n\t\t<\/div>\n\t\t<div class=\"vbmodhorsearchcheckoutdiv\">\n\t\t\t<label for=\"checkoutdatemod52\">Check-out date<\/label>\n\t\t\t<div class=\"input-group\">\n\t\t\t\t<input type=\"text\" name=\"checkoutdate\" id=\"checkoutdatemod52\" size=\"10\" autocomplete=\"off\" onfocus=\"this.blur();\" readonly\/>\n\t\t\t\t<i class=\"far fa-calendar-days vbo-caltrigger\"><\/i>\t\t\t\t<input type=\"hidden\" name=\"checkouth\" value=\"9\"\/>\n\t\t\t\t<input type=\"hidden\" name=\"checkoutm\" value=\"0\"\/>\n\t\t\t<\/div>\n\t\t<\/div>\n\t\t\t<div class=\"vbmodhorsearchtotnights\" id=\"vbjstotnightsmod52\"><\/div>\n\t\t\t<div class=\"vbmodhorsearchrac\">\n\t\t\n\t\t\t<div class=\"vbmodhorsearchroomsel\">\n\t\t\t\t<label for=\"vbmodformroomsn52\">Habitaciones<\/label>\t\t\t\t<span class=\"vbhsrnselsp\"><select name=\"roomsnum\" id=\"vbmodformroomsn52\" onchange=\"vbSetRoomsAdultsMod52(this.value);\">\n<option value=\"1\">1<\/option>\n<option value=\"2\">2<\/option>\n<option value=\"3\">3<\/option>\n<option value=\"4\">4<\/option>\n<option value=\"5\">5<\/option>\n<option value=\"6\">6<\/option>\n<option value=\"7\">7<\/option>\n<option value=\"8\">8<\/option>\n<option value=\"9\">9<\/option>\n<option value=\"10\">10<\/option>\n<\/select><\/span>\n\t\t\t<\/div>\n\t\t\t\n\t\t\t<div class=\"vbmodhorsearchroomdentr\">\n\t\t\t\t\n\t\t\t\t<div class=\"vbmodhorsearchroomdentrfirst\">\n\t\t\t\t\t<span class=\"horsrnum\">Room 1<\/span>\t\t\t\t\t<div class=\"horsanumdiv\">\n\t\t\t\t\t\t<label class=\"horsanumlb\" for=\"vbo-mhs-adults-52\">Adultos<\/label>\n\t\t\t\t\t\t<span class=\"horsanumsel\"><select name=\"adults[]\" id=\"vbo-mhs-adults-52\" onchange=\"vbCountTotGuests52();\"><option value=\"1\">1<\/option><option value=\"2\" selected=\"selected\">2<\/option><option value=\"3\">3<\/option><option value=\"4\">4<\/option><option value=\"5\">5<\/option><option value=\"6\">6<\/option><\/select><\/span>\n\t\t\t\t\t<\/div>\n\t\t\t\t\t\t\t\t\t\t<div class=\"horscnumdiv\">\n\t\t\t\t\t\t<label class=\"horscnumlb\" for=\"vbo-mhs-children-52\">Ni\u00f1os<\/label>\n\t\t\t\t\t\t<span class=\"horscnumsel\"><select name=\"children[]\" id=\"vbo-mhs-children-52\" onchange=\"vbCountTotGuests52();\"><option value=\"0\">0<\/option><option value=\"1\">1<\/option><option value=\"2\">2<\/option><option value=\"3\">3<\/option><option value=\"4\">4<\/option><option value=\"5\">5<\/option><\/select><\/span>\n\t\t\t\t\t<\/div>\n\t\t\t\t\t\t\t\t\t<\/div>\n\t\t\t\t\n\t\t\t\t<div class=\"vbmoreroomscontmod\" id=\"vbmoreroomscontmod52\"><\/div>\n\t\t\t\t\n\t\t\t<\/div>\n\t\t\t\n\t\t<\/div>\n\t\t\t<div class=\"vbmodhorsearchbookdiv\">\n\t\t\t<button type=\"submit\" id=\"vbo-mod-horsearch-sbt-52\" class=\"btn vbsearchinputmodhors vbo-pref-color-btn\">RESERVE AHORA<\/button>\n\t\t<\/div>\n\n\t\t<script type=\"text\/javascript\">\n\t\t\tjQuery(function() {\n\t\t\t\tjQuery('button#vbo-mod-horsearch-sbt-52').on('click', function(e) {\n\t\t\t\t\te.preventDefault();\n\t\t\t\t\tjQuery(this).prop('disabled', true);\n\t\t\t\t\tjQuery(this).html('<i class=\"fas fa-circle-notch fa-spin fa-fw\"><\/i> ' + jQuery(this).text());\n\t\t\t\t\tjQuery(this).closest('form').submit();\n\t\t\t\t});\n\t\t\t});\n\t\t<\/script>\n\t\t<\/form>\n<\/div>\n\n<div class=\"vbo-modhs-js-helpers\" style=\"display: none;\">\n\t<div class=\"vbo-modhs-add-element-html\">\n\t\t<div class=\"vbmodhorsearchroomdentr\">\n\t\t\t<span class=\"horsrnum\">Room %d<\/span>\n\t\t\t<div class=\"horsanumdiv\">\n\t\t\t\t<label style=\"display: none;\" for=\"vbo-mhs-adults-52-hid\">Adultos<\/label>\n\t\t\t\t<span class=\"horsanumsel\"><select name=\"adults[]\" id=\"vbo-mhs-adults-52-hid\" onchange=\"vbCountTotGuests52();\"><option value=\"1\">1<\/option><option value=\"2\" selected=\"selected\">2<\/option><option value=\"3\">3<\/option><option value=\"4\">4<\/option><option value=\"5\">5<\/option><option value=\"6\">6<\/option><\/select><\/span>\n\t\t\t\t\t\t\t<div class=\"horscnumdiv\">\n\t\t\t\t\t<label style=\"display: none;\" for=\"vbo-mhs-children-52-hid\">Ni\u00f1os<\/label>\n\t\t\t\t\t<span class=\"horscnumsel\"><select name=\"children[]\" id=\"vbo-mhs-children-52-hid\" onchange=\"vbCountTotGuests52();\"><option value=\"0\">0<\/option><option value=\"1\">1<\/option><option value=\"2\">2<\/option><option value=\"3\">3<\/option><option value=\"4\">4<\/option><option value=\"5\">5<\/option><\/select><\/span>\n\t\t\t\t<\/div>\n\t\t\t\t\t\t\t<\/div>\n\t\t<\/div>\n\t<\/div>\n<\/div>\n\n<script type=\"text\/javascript\">\nfunction vboModHorSearchSendRequest(elem, formId) {\n\tvar form_el = document.getElementById('vbo-mod-horsearch-form-' + formId);\n\tif (!form_el) {\n\t\tconsole.error('form not found', formId);\n\t\treturn false;\n\t}\n\n\t\/\/ valid all form required fields\n\tif (typeof form_el.checkValidity === 'function' && !form_el.checkValidity()) {\n\t\t\/\/ modern browsers will support this HTML5 method to check the form required fields\n\t\talert(Joomla.JText._('VBO_PLEASE_FILL_FIELDS'));\n\t\treturn false;\n\t}\n\n\t\/\/ make sure the dates have been selected\n\tvar checkin_date_el = jQuery(form_el).find('input[name=\"checkindate\"]');\n\tvar checkout_date_el = jQuery(form_el).find('input[name=\"checkoutdate\"]');\n\tif (!checkin_date_el.length || !checkin_date_el.val().length || !checkout_date_el.length || !checkout_date_el.val().length) {\n\t\talert(Joomla.JText._('VBO_PLEASE_SEL_DATES'));\n\t\treturn false;\n\t}\n\t\/\/ make sure the dates are not identical to have a min stay of 1 night\n\t\/\/ as by default the datepicker could set equal dates to the hidden fields.\n\tif (checkin_date_el.val() == checkout_date_el.val()) {\n\t\talert(Joomla.JText._('VBO_PLEASE_SEL_DATES'));\n\t\treturn false;\n\t}\n\n\t\/\/ disable the send request button to avoid double submissions\n\telem.disabled = true;\n\t\n\t\/\/ get form values\n\tvar qstring = jQuery(form_el).serialize();\n\n\t\/\/ make sure the task is not set\n\tqstring = qstring.replace('task=search', '');\n\tqstring = qstring.replace('view=search', '');\n\n\t\/\/ make the ajax request to the controller\n\tjQuery.ajax({\n\t\ttype: \"POST\",\n\t\turl: \"https:\/\/www.alnaturalresort.com\/wp-admin\/admin-ajax.php?task=submit_inquiry&Itemid=1494&action=vikbooking&vik_ajax_client=site\",\n\t\tdata: qstring\n\t}).done(function(res) {\n\t\tif (!res.hasOwnProperty('status')) {\n\t\t\talert('Invalid response');\n\t\t\t\/\/ re-enable the button\n\t\t\telem.disabled = false;\n\t\t\treturn false;\n\t\t}\n\t\tif (!res.status) {\n\t\t\talert(res.error);\n\t\t\t\/\/ re-enable the button\n\t\t\telem.disabled = false;\n\t\t\treturn false;\n\t\t}\n\t\t\/\/ show success message by replacing all fields\n\t\tjQuery('.vbo-mod-horsearch-inquiry-fields').html('<p class=\"vbo-mod-horsearch-inquiry-mess-success\">' + Joomla.JText._('VBO_THANKS_INQ_SUBMITTED') + '<\/p>');\n\t\t\/\/ remove submit button container\n\t\tjQuery('.vbo-mod-horsearch-inquiry-submit').remove();\n\t}).fail(function(err) {\n\t\talert(err.responseText);\n\t\t\/\/ re-enable the button\n\t\telem.disabled = false;\n\t});\n}\n\nfunction vboModHorSearchBookOnline(formId) {\n\tvar form_el = document.getElementById('vbo-mod-horsearch-form-' + formId);\n\tif (!form_el) {\n\t\tconsole.error('form not found', formId);\n\t\treturn false;\n\t}\n\n\t\/\/ we need to let a button of type button trigger the submit of the \"check availability\"\n\t\/\/ or in case of inquiry, the browser will check the validity of the required fields.\n\n\t\/\/ we only check if the dates have been selected\n\tvar checkin_date_el = jQuery(form_el).find('input[name=\"checkindate\"]');\n\tvar checkout_date_el = jQuery(form_el).find('input[name=\"checkoutdate\"]');\n\tif (!checkin_date_el.length || !checkin_date_el.val().length || !checkout_date_el.length || !checkout_date_el.val().length) {\n\t\talert(Joomla.JText._('VBO_PLEASE_SEL_DATES'));\n\t\treturn false;\n\t}\n\n\t\/\/ make sure the dates are not identical to have a min stay of 1 night\n\t\/\/ as by default the datepicker could set equal dates to the hidden fields.\n\tif (checkin_date_el.val() == checkout_date_el.val()) {\n\t\talert(Joomla.JText._('VBO_PLEASE_SEL_DATES'));\n\t\treturn false;\n\t}\n\n\t\/\/ simply submit the form to start the booking process\n\tform_el.submit();\n\n\treturn true;\n}\n\nfunction vbAddElementMod52() {\n\tvar ni = document.getElementById('vbmoreroomscontmod52');\n\tvar numi = document.getElementById('vbroomhelpermod52');\n\tvar num = (document.getElementById('vbroomhelpermod52').value -1) + 2;\n\tnumi.value = num;\n\tvar newdiv = document.createElement('div');\n\tvar divIdName = 'vb'+num+'racont';\n\tnewdiv.setAttribute('id', divIdName);\n\t\/\/ build HTML content to append to new element\n\tvar new_element_html = document.getElementsByClassName('vbo-modhs-add-element-html')[0].innerHTML;\n\t\/\/ set room number\n\tlet rp_rgx = new RegExp('%d', 'g');\n\tnew_element_html = new_element_html.replace(rp_rgx, num);\n\t\/\/ get rid of label tag (Web Accessibility)\n\tlet lbl_rgx = new RegExp(\/<label\\s.+>.+<\\\/label>\/, 'g');\n\tnew_element_html = new_element_html.replace(lbl_rgx, '');\n\t\/\/ get rid of any id attribute (Web Accessibility)\n\tlet idattr_rgx = new RegExp(\/id=\"[^\\\"]+\"\/, 'g');\n\tnew_element_html = new_element_html.replace(idattr_rgx, '');\n\t\/\/ set HTML content and append element\n\tnewdiv.innerHTML = new_element_html;\n\tni.appendChild(newdiv);\n}\n\nfunction vbSetRoomsAdultsMod52(totrooms) {\n\tvar actrooms = parseInt(document.getElementById('vbroomhelpermod52').value);\n\tvar torooms = parseInt(totrooms);\n\tvar difrooms;\n\tif (torooms > actrooms) {\n\t\tdifrooms = torooms - actrooms;\n\t\tfor (var ir = 1; ir <= difrooms; ir++) {\n\t\t\tvbAddElementMod52();\n\t\t}\n\t}\n\tif (torooms < actrooms) {\n\t\tfor (var ir = actrooms; ir > torooms; ir--) {\n\t\t\tif (ir > 1) {\n\t\t\t\tvar rmra = document.getElementById('vb' + ir + 'racont');\n\t\t\t\trmra.parentNode.removeChild(rmra);\n\t\t\t}\n\t\t}\n\t\tdocument.getElementById('vbroomhelpermod52').value = torooms;\n\t}\n\tif (document.getElementById('vbmodhorsearch-hum-guests-rooms52')) {\n\t\tdocument.getElementById('vbmodhorsearch-hum-guests-rooms52').innerText = torooms;\n\t\tvbCountTotGuests52();\n\t}\n}\n\nfunction vbCountTotGuests52() {\n\tif (!document.getElementById('vbmodhorsearch-hum-guests-rooms52')) {\n\t\treturn;\n\t}\n\tvar totadults = 0;\n\tvar totchildren = 0;\n\tjQuery('#vbmodhorsearch-hum-guests-count52').parent().find('select[name=\"adults[]\"]').each(function() {\n\t\tvar curel = jQuery(this).find('option:selected');\n\t\tif (curel.length) {\n\t\t\ttotadults += parseInt(curel.val());\n\t\t}\n\t});\n\tjQuery('#vbmodhorsearch-hum-guests-adults52').text(totadults);\n\tif (jQuery('#vbmodhorsearch-hum-guests-children52').length) {\n\t\tjQuery('#vbmodhorsearch-hum-guests-count52').parent().find('select[name=\"children[]\"]').each(function() {\n\t\t\tvar curel = jQuery(this).find('option:selected');\n\t\t\tif (curel.length) {\n\t\t\t\ttotchildren += parseInt(curel.val());\n\t\t\t}\n\t\t});\n\t\tjQuery('#vbmodhorsearch-hum-guests-children52').text(totchildren);\n\t}\n}\n\nfunction vbCalcNightsMod52() {\n\tvar vbcheckin = document.getElementById('checkindatemod52').value;\n\tvar vbcheckout = document.getElementById('checkoutdatemod52').value;\n\tif (vbcheckin.length > 0 && vbcheckout.length > 0) {\n\t\tvar vbcheckinp = vbcheckin.split(\"\/\");\n\t\tvar vbcheckoutp = vbcheckout.split(\"\/\");\n\t\t\tvar vbinmonth = parseInt(vbcheckinp[1]);\n\t\tvbinmonth = vbinmonth - 1;\n\t\tvar vbinday = parseInt(vbcheckinp[0], 10);\n\t\tvar vbcheckind = new Date(vbcheckinp[2], vbinmonth, vbinday);\n\t\tvar vboutmonth = parseInt(vbcheckoutp[1]);\n\t\tvboutmonth = vboutmonth - 1;\n\t\tvar vboutday = parseInt(vbcheckoutp[0], 10);\n\t\tvar vbcheckoutd = new Date(vbcheckoutp[2], vboutmonth, vboutday);\n\t\t\t\tvar vbdivider = 1000 * 60 * 60 * 24;\n\t\tvar vbints = vbcheckind.getTime();\n\t\tvar vboutts = vbcheckoutd.getTime();\n\t\tif (vboutts > vbints) {\n\t\t\t\/\/var vbnights = Math.ceil((vboutts - vbints) \/ (vbdivider));\n\t\t\tvar utc1 = Date.UTC(vbcheckind.getFullYear(), vbcheckind.getMonth(), vbcheckind.getDate());\n\t\t\tvar utc2 = Date.UTC(vbcheckoutd.getFullYear(), vbcheckoutd.getMonth(), vbcheckoutd.getDate());\n\t\t\tvar vbnights = Math.ceil((utc2 - utc1) \/ vbdivider);\n\t\t\tif (vbnights > 0) {\n\t\t\t\tdocument.getElementById('vbjstotnightsmod52').innerHTML = '<div class=\"vbo-horizsearch-numnights-inner\"><span>Nights:<\/span> <span>'+vbnights+'<\/span><\/div>';\n\t\t\t} else {\n\t\t\t\tdocument.getElementById('vbjstotnightsmod52').innerHTML = '';\n\t\t\t}\n\t\t} else {\n\t\t\tdocument.getElementById('vbjstotnightsmod52').innerHTML = '';\n\t\t}\n\t} else {\n\t\tdocument.getElementById('vbjstotnightsmod52').innerHTML = '';\n\t}\n}\n<\/script>\n\n<input type=\"hidden\" id=\"vbroomhelpermod52\" value=\"1\"\/>\n<\/div><div id=\"custom_html-7\" class=\"widget_text widget widget_custom_html\"><h3 class=\"widgettitle\">NEWS<\/h3><div class=\"textwidget custom-html-widget\"><a href=\"https:\/\/www.alnaturalresort.com\/es\/ofertas-especiales-infos-ultima-hora\/\">OFERTAS ESPECIALES INFOS \u00daLTIMA HORA\r\n<\/a>\r\n<hr style=\"border-top: 0.5px dotted;  margin-top:20px; color:#B0C4DE;\"><\/div><\/div><div id=\"text-7\" class=\"widget widget_text\"><h3 class=\"widgettitle\">TRIP ADVISORS<\/h3>\t\t\t<div class=\"textwidget\"><p><em>\u00bb El resort est\u00e1 ubicado en un entorno natural \u00fanico, si buscas desconexi\u00f3n real del ruido de la ciudad y conexi\u00f3n fuerte con la naturaleza y uno mismo, este sin dudas es un lugar perfecto\u2026 Finalmente cabe destacar la gran amabilidad del Staff, tanto Vincent c\u00f3mo Abner, y el resto del personal ofrecen un recibimiento familiar y acogedor. \u00ab<\/em><\/p>\n<p>Por Juan M publicada publicado en Trip Advisor el 3 de sept. de 2018<\/p>\n<\/div>\n\t\t<\/div><\/div><\/div><\/div><\/div><\/div><\/div><\/div><\/section>\n","protected":false},"excerpt":{"rendered":"WIFI Y VARIOS IDIOMAS En el resort se habla espa\u00f1ol, ingl\u00e9s y franc\u00e9s. MONEDAS El balboa tiene un valor equivalente al d\u00f3lar americano. La \u00fanica moneda que se utiliza es el d\u00f3lar americano. ELECTRICIDAD 110 voltios en Panam\u00e1. Las caba\u00f1as est\u00e1n dotadas de bombillos y ventiladores de 12 voltios accionados por energ\u00eda solar. El restaurante...","protected":false},"author":1,"featured_media":0,"parent":0,"menu_order":0,"comment_status":"closed","ping_status":"closed","template":"","meta":{"footnotes":""},"class_list":["post-3018","page","type-page","status-publish","hentry"],"_links":{"self":[{"href":"https:\/\/www.alnaturalresort.com\/es\/wp-json\/wp\/v2\/pages\/3018","targetHints":{"allow":["GET"]}}],"collection":[{"href":"https:\/\/www.alnaturalresort.com\/es\/wp-json\/wp\/v2\/pages"}],"about":[{"href":"https:\/\/www.alnaturalresort.com\/es\/wp-json\/wp\/v2\/types\/page"}],"author":[{"embeddable":true,"href":"https:\/\/www.alnaturalresort.com\/es\/wp-json\/wp\/v2\/users\/1"}],"replies":[{"embeddable":true,"href":"https:\/\/www.alnaturalresort.com\/es\/wp-json\/wp\/v2\/comments?post=3018"}],"version-history":[{"count":2,"href":"https:\/\/www.alnaturalresort.com\/es\/wp-json\/wp\/v2\/pages\/3018\/revisions"}],"predecessor-version":[{"id":3023,"href":"https:\/\/www.alnaturalresort.com\/es\/wp-json\/wp\/v2\/pages\/3018\/revisions\/3023"}],"wp:attachment":[{"href":"https:\/\/www.alnaturalresort.com\/es\/wp-json\/wp\/v2\/media?parent=3018"}],"curies":[{"name":"wp","href":"https:\/\/api.w.org\/{rel}","templated":true}]}}