{"id":2739,"date":"2021-02-15T17:19:31","date_gmt":"2021-02-15T16:19:31","guid":{"rendered":"http:\/\/lab.crd.be\/alnatural\/al-natural-package-rates\/"},"modified":"2026-04-09T15:34:54","modified_gmt":"2026-04-09T13:34:54","slug":"tarifs-forfait-al-natural","status":"publish","type":"page","link":"https:\/\/www.alnaturalresort.com\/fr\/tarifs-forfait-al-natural\/","title":{"rendered":"TARIFS FORFAIT AL NATURAL"},"content":{"rendered":"<section class=\"l-section wpb_row height_huge with_img\" id=\"image-Header\"><div class=\"l-section-img\" role=\"img\" aria-label=\"Image\" data-img-width=\"2000\" data-img-height=\"1333\" style=\"background-image: url(https:\/\/www.alnaturalresort.com\/wp-content\/uploads\/Superior-Natural-House-view.jpg);background-repeat: no-repeat;\"><\/div><div class=\"l-section-h i-cf\"><div class=\"g-cols vc_row via_flex valign_top type_default stacking_default\"><div class=\"vc_col-sm-12 wpb_column vc_column_container\"><div class=\"vc_column-inner\"><div class=\"wpb_wrapper\"><\/div><\/div><\/div><\/div><\/div><\/section><section class=\"l-section wpb_row height_medium\"><div class=\"l-section-h i-cf\"><div class=\"g-cols vc_row via_flex valign_top type_boxes stacking_default\"><div class=\"vc_col-sm-9 wpb_column vc_column_container\"><div class=\"vc_column-inner\"><div class=\"wpb_wrapper\"><div class=\"g-cols wpb_row via_flex valign_top type_default stacking_default\"><div class=\"vc_col-sm-12 wpb_column vc_column_container\"><div class=\"vc_column-inner\"><div class=\"wpb_wrapper\"><div class=\"wpb_text_column\"><div class=\"wpb_wrapper\"><h1>\u00a0TARIFS FORFAIT AL NATURAL<\/h1>\n<\/div><\/div><div class=\"wpb_text_column us_custom_fb5a478f has_text_color\"><div class=\"wpb_wrapper\"><h2>\u00a0 POUR LA HAUTE SAISON 2026-2027<\/h2>\n<\/div><\/div><div class=\"wpb_text_column\"><div class=\"wpb_wrapper\"><h4>DU 1ER DECEMBRE AU 30 AVRIL<\/h4>\n<\/div><\/div><div class=\"wpb_text_column\"><div class=\"wpb_wrapper\"><p><b>Prix par jour (en U.S. Dollars): \u00a0 \u00a0 \u00a0 \u00a0 \u00a0 \u00a0 \u00a0 \u00a0 \u00a0 \u00a0\u00a0<\/b><\/p>\n<table border=\"1\" width=\"100%\" cellspacing=\"0\" cellpadding=\"0\">\n<tbody>\n<tr>\n<td align=\"left\" valign=\"top\" width=\"250\"><\/td>\n<td align=\"right\" valign=\"top\" width=\"126\">Par personne<\/td>\n<td align=\"right\" valign=\"top\" width=\"128\">Par bungalow<\/td>\n<\/tr>\n<tr>\n<td valign=\"top\" width=\"300\"><strong>Habitation Naturelle<\/strong><\/td>\n<td align=\"right\" valign=\"top\" width=\"101\" height=\"10\">$190.00 (2 adultes)<\/td>\n<td align=\"right\" valign=\"top\" width=\"103\" height=\"10\"><strong>$380.00<\/strong><\/td>\n<\/tr>\n<tr>\n<td valign=\"top\" width=\"300\"><strong>Habitation Naturelle Sup\u00e9rieure<\/strong><\/td>\n<td align=\"right\" valign=\"top\" width=\"101\">$235.00 (occupation double)<br \/>\n$210.00 (3 adultes)<br \/>\n$200.00 (4 adultes)<\/td>\n<td align=\"right\" valign=\"top\" width=\"103\"><strong>$470.00<\/strong><br \/>\n<strong>$630.00<\/strong><br \/>\n<strong>$800.00<\/strong><\/td>\n<\/tr>\n<tr>\n<td valign=\"top\" width=\"300\"><strong>Habitation Naturelle \u00e0 2 lits<\/strong><\/td>\n<td align=\"right\" valign=\"top\" width=\"101\">$190.00 (occupation double)<br \/>\n$180.00 (3 adultes)<br \/>\n$170.00 (4 adultes)<\/td>\n<td align=\"right\" valign=\"top\" width=\"103\"><strong>$380.00<\/strong><br \/>\n<strong>$540.00<\/strong><br \/>\n<strong>$680.00<\/strong><\/td>\n<\/tr>\n<tr>\n<td valign=\"top\" width=\"300\"><strong>Habitation Naturelle Sup\u00e9rieure \u00e0 2 \u00e9tages<\/strong><\/td>\n<td align=\"right\" valign=\"top\" width=\"101\">$250.00 (occupation double)<br \/>\n$220.00 (3 adultes)<br \/>\n$210.00 (4 adultes)<br \/>\n$200.00 (5 adultes)<\/td>\n<td align=\"right\" valign=\"top\" width=\"103\"><strong>$500.00<\/strong><br \/>\n<strong>$660.00<\/strong><br \/>\n<strong>$820.00<\/strong><br \/>\n<strong>$975.00<\/strong><\/td>\n<\/tr>\n<tr>\n<td valign=\"top\" width=\"300\"><strong>Habitation Naturelle \u00e0 3 chambres<\/strong><\/td>\n<td align=\"right\" valign=\"top\" width=\"101\">$235.00 (occupation double)<br \/>\n$200.00 (3 adultes)<br \/>\n$190.00 (4 adultes)<br \/>\n$180.00 (5 adultes)<br \/>\n$170.00 (6 adultes)<\/td>\n<td align=\"right\" valign=\"top\" width=\"103\"><strong>$470.00<\/strong><br \/>\n<strong>$600.00<\/strong><br \/>\n<strong>$760.00<\/strong><br \/>\n<strong>$900.00<\/strong><br \/>\n<strong>$1020.00<\/strong><\/td>\n<\/tr>\n<\/tbody>\n<\/table>\n<\/div><\/div><div class=\"wpb_text_column\"><div class=\"wpb_wrapper\"><h3>Conditions\u00a0sp\u00e9ciales:<\/h3>\n<\/div><\/div><div class=\"wpb_text_column\"><div class=\"wpb_wrapper\"><ul>\n<li><strong>Occupation individuelle :<\/strong> tarif par personne en occupation double + 50 %.<\/li>\n<li><strong>Enfants (de 3 \u00e0 12 ans) :<\/strong><\/li>\n<li><strong>Haute saison :<\/strong>\n<ul>\n<li>Bungalow sup\u00e9rieur : + 100,00 $<\/li>\n<li>Bungalow standard : + 90,00 $<\/li>\n<\/ul>\n<\/li>\n<li><strong>Basse saison :<\/strong>\n<ul>\n<li>Bungalow sup\u00e9rieur : + 90,00 $<\/li>\n<li>Bungalow standard : + 80,00 $<\/li>\n<\/ul>\n<\/li>\n<li><strong>Tout compris :<\/strong>\n<ul>\n<li>+ 90,00 $ par adulte<\/li>\n<li>+ 45,00 $ par enfant<\/li>\n<\/ul>\n<\/li>\n<\/ul>\n<\/div><\/div><div class=\"wpb_text_column\"><div class=\"wpb_wrapper\"><h3>Inclus dans le forfait Al Natural\u00a0:<\/h3>\n<\/div><\/div><div class=\"wpb_text_column\"><div class=\"wpb_wrapper\"><p>R\u00e9ception \u00e0 l\u2019a\u00e9roport de Bocas ou au bureau d\u2019Al Natural \u00e0 Bocas\u00a0; transferts en bateau entre l\u2019h\u00f4tel et la ville de Bocas; trois repas journaliers, vin avec le repas du soir\u00a0; go\u00fbter avec th\u00e9, caf\u00e9 et biscuits\u00a0; et l\u2019usage gratuit des kayaks, de l\u2019\u00e9quipement de <em>snorkel<\/em> et de l\u2019\u00e9quipement pour p\u00eacher depuis le ponton.<\/p>\n<\/div><\/div><div class=\"wpb_text_column\"><div class=\"wpb_wrapper\"><p>Aussi, vous pouvez vous joindre pour $10.00 p.p. aux trajets en bateau d\u00e9j\u00e0 organis\u00e9s entre l\u2019h\u00f4tel et Bocas.<\/p>\n<\/div><\/div><div class=\"wpb_text_column\"><div class=\"wpb_wrapper\"><p>Ces prix ne comprennent pas les tours en bateau, les excursions guid\u00e9es, les consommations au bar, les taxes locales qui sont de 8.5% (taxe touristique et tva), ni les pourboires, sugg\u00e9r\u00e9s a 5% du cout du s\u00e9jour.<\/p>\n<\/div><\/div><div class=\"w-socials color_brand shape_square style_default hover_fade\"><div class=\"w-socials-list\"><div class=\"w-socials-item facebook\"><a target=\"_blank\" rel=\"nofollow\" href=\"#\" class=\"w-socials-item-link\" aria-label=\"Facebook\"><span class=\"w-socials-item-link-hover\"><\/span><i class=\"fab fa-facebook\"><\/i><\/a><div class=\"w-socials-item-popup\"><span>Facebook<\/span><\/div><\/div><div class=\"w-socials-item twitter\"><a target=\"_blank\" rel=\"nofollow\" href=\"#\" class=\"w-socials-item-link\" aria-label=\"X\"><span class=\"w-socials-item-link-hover\"><\/span><i class=\"fab fa-x-twitter\"><svg style=\"width:1em; margin-bottom:-.1em;\" xmlns=\"http:\/\/www.w3.org\/2000\/svg\" viewBox=\"0 0 512 512\" role=\"presentation\"><path fill=\"currentColor\" d=\"M389.2 48h70.6L305.6 224.2 487 464H345L233.7 318.6 106.5 464H35.8L200.7 275.5 26.8 48H172.4L272.9 180.9 389.2 48zM364.4 421.8h39.1L151.1 88h-42L364.4 421.8z\"\/><\/svg><\/i><\/a><div class=\"w-socials-item-popup\"><span>X<\/span><\/div><\/div><div class=\"w-socials-item email\"><a target=\"_blank\" rel=\"nofollow\" href=\"#\" class=\"w-socials-item-link\" aria-label=\"E-mail\"><span class=\"w-socials-item-link-hover\"><\/span><i class=\"fas fa-envelope\"><\/i><\/a><div class=\"w-socials-item-popup\"><span>E-mail<\/span><\/div><\/div><\/div><\/div><\/div><\/div><\/div><\/div><div class=\"w-separator size_medium\"><\/div><\/div><\/div><\/div><div class=\"vc_col-sm-3 wpb_column vc_column_container\"><div class=\"vc_column-inner\"><div class=\"wpb_wrapper\"><div class=\"wpb_widgetised_column wpb_content_element\"><div class=\"wpb_wrapper\"><div id=\"mod_vikbooking_horizontalsearch-6\" class=\"widget widget_mod_vikbooking_horizontalsearch\"><h3 class=\"widgettitle\">RESERVEZ MAINTENANT !<\/h3>\n<div class=\"vbmodhorsearchmaindiv vbo-horizsearch-standardformat-wrap\">\n\t<form action=\"https:\/\/www.alnaturalresort.com\/booking\/?task=search\" method=\"post\" id=\"vbo-mod-horsearch-form-733\">\n\t\t<input type=\"hidden\" name=\"task\" value=\"search\" \/>\n\t\t<div class=\"vbmodhorsearchcheckindiv\">\n\t\t\t<label for=\"checkindatemod733\">Check-in date<\/label>\n\t\t\t<div class=\"input-group\">\n\t\t\t\t<input type=\"text\" name=\"checkindate\" id=\"checkindatemod733\" size=\"10\" autocomplete=\"off\" onfocus=\"this.blur();\" readonly\/>\n\t\t\t\t<i class=\"far fa-calendar-alt vbo-caltrigger\"><\/i>\t\t\t\t<input type=\"hidden\" name=\"checkinh\" value=\"12\"\/>\n\t\t\t\t<input type=\"hidden\" name=\"checkinm\" value=\"0\"\/>\n\t\t\t<\/div>\n\t\t<\/div>\n\t\t<div class=\"vbmodhorsearchcheckoutdiv\">\n\t\t\t<label for=\"checkoutdatemod733\">Check-out date<\/label>\n\t\t\t<div class=\"input-group\">\n\t\t\t\t<input type=\"text\" name=\"checkoutdate\" id=\"checkoutdatemod733\" size=\"10\" autocomplete=\"off\" onfocus=\"this.blur();\" readonly\/>\n\t\t\t\t<i class=\"far fa-calendar-alt vbo-caltrigger\"><\/i>\t\t\t\t<input type=\"hidden\" name=\"checkouth\" value=\"9\"\/>\n\t\t\t\t<input type=\"hidden\" name=\"checkoutm\" value=\"0\"\/>\n\t\t\t<\/div>\n\t\t<\/div>\n\t\t\t<div class=\"vbmodhorsearchtotnights\" id=\"vbjstotnightsmod733\"><\/div>\n\t\t\t<div class=\"vbmodhorsearchrac\">\n\t\t\n\t\t\t<div class=\"vbmodhorsearchroomsel\">\n\t\t\t\t<label for=\"vbmodformroomsn733\">Chambres<\/label>\t\t\t\t<span class=\"vbhsrnselsp\"><select name=\"roomsnum\" id=\"vbmodformroomsn733\" onchange=\"vbSetRoomsAdultsMod733(this.value);\">\n<option value=\"1\">1<\/option>\n<option value=\"2\">2<\/option>\n<option value=\"3\">3<\/option>\n<option value=\"4\">4<\/option>\n<option value=\"5\">5<\/option>\n<option value=\"6\">6<\/option>\n<option value=\"7\">7<\/option>\n<option value=\"8\">8<\/option>\n<option value=\"9\">9<\/option>\n<option value=\"10\">10<\/option>\n<\/select><\/span>\n\t\t\t<\/div>\n\t\t\t\n\t\t\t<div class=\"vbmodhorsearchroomdentr\">\n\t\t\t\t\n\t\t\t\t<div class=\"vbmodhorsearchroomdentrfirst\">\n\t\t\t\t\t<span class=\"horsrnum\">Room 1<\/span>\t\t\t\t\t<div class=\"horsanumdiv\">\n\t\t\t\t\t\t<label class=\"horsanumlb\" for=\"vbo-mhs-adults-733\">Adultes<\/label>\n\t\t\t\t\t\t<span class=\"horsanumsel\"><select name=\"adults[]\" id=\"vbo-mhs-adults-733\" onchange=\"vbCountTotGuests733();\"><option value=\"1\">1<\/option><option value=\"2\" selected=\"selected\">2<\/option><option value=\"3\">3<\/option><option value=\"4\">4<\/option><option value=\"5\">5<\/option><option value=\"6\">6<\/option><\/select><\/span>\n\t\t\t\t\t<\/div>\n\t\t\t\t\t\t\t\t\t\t<div class=\"horscnumdiv\">\n\t\t\t\t\t\t<label class=\"horscnumlb\" for=\"vbo-mhs-children-733\">Enfants<\/label>\n\t\t\t\t\t\t<span class=\"horscnumsel\"><select name=\"children[]\" id=\"vbo-mhs-children-733\" onchange=\"vbCountTotGuests733();\"><option value=\"0\">0<\/option><option value=\"1\">1<\/option><option value=\"2\">2<\/option><option value=\"3\">3<\/option><option value=\"4\">4<\/option><option value=\"5\">5<\/option><\/select><\/span>\n\t\t\t\t\t<\/div>\n\t\t\t\t\t\t\t\t\t<\/div>\n\t\t\t\t\n\t\t\t\t<div class=\"vbmoreroomscontmod\" id=\"vbmoreroomscontmod733\"><\/div>\n\t\t\t\t\n\t\t\t<\/div>\n\t\t\t\n\t\t<\/div>\n\t\t\t<div class=\"vbmodhorsearchbookdiv\">\n\t\t\t<button type=\"submit\" id=\"vbo-mod-horsearch-sbt-733\" class=\"btn vbsearchinputmodhors vbo-pref-color-btn\">RESERVEZ<\/button>\n\t\t<\/div>\n\n\t\t<script type=\"text\/javascript\">\n\t\t\tjQuery(function() {\n\t\t\t\tjQuery('button#vbo-mod-horsearch-sbt-733').on('click', function(e) {\n\t\t\t\t\te.preventDefault();\n\t\t\t\t\tjQuery(this).prop('disabled', true);\n\t\t\t\t\tjQuery(this).html('<i class=\"fas fa-circle-notch fa-spin fa-fw\"><\/i> ' + jQuery(this).text());\n\t\t\t\t\tjQuery(this).closest('form').submit();\n\t\t\t\t});\n\t\t\t});\n\t\t<\/script>\n\t\t<\/form>\n<\/div>\n\n<div class=\"vbo-modhs-js-helpers\" style=\"display: none;\">\n\t<div class=\"vbo-modhs-add-element-html\">\n\t\t<div class=\"vbmodhorsearchroomdentr\">\n\t\t\t<span class=\"horsrnum\">Room %d<\/span>\n\t\t\t<div class=\"horsanumdiv\">\n\t\t\t\t<label style=\"display: none;\" for=\"vbo-mhs-adults-733-hid\">Adultes<\/label>\n\t\t\t\t<span class=\"horsanumsel\"><select name=\"adults[]\" id=\"vbo-mhs-adults-733-hid\" onchange=\"vbCountTotGuests733();\"><option value=\"1\">1<\/option><option value=\"2\" selected=\"selected\">2<\/option><option value=\"3\">3<\/option><option value=\"4\">4<\/option><option value=\"5\">5<\/option><option value=\"6\">6<\/option><\/select><\/span>\n\t\t\t\t\t\t\t<div class=\"horscnumdiv\">\n\t\t\t\t\t<label style=\"display: none;\" for=\"vbo-mhs-children-733-hid\">Enfants<\/label>\n\t\t\t\t\t<span class=\"horscnumsel\"><select name=\"children[]\" id=\"vbo-mhs-children-733-hid\" onchange=\"vbCountTotGuests733();\"><option value=\"0\">0<\/option><option value=\"1\">1<\/option><option value=\"2\">2<\/option><option value=\"3\">3<\/option><option value=\"4\">4<\/option><option value=\"5\">5<\/option><\/select><\/span>\n\t\t\t\t<\/div>\n\t\t\t\t\t\t\t<\/div>\n\t\t<\/div>\n\t<\/div>\n<\/div>\n\n<script type=\"text\/javascript\">\nfunction vboModHorSearchSendRequest(elem, formId) {\n\tvar form_el = document.getElementById('vbo-mod-horsearch-form-' + formId);\n\tif (!form_el) {\n\t\tconsole.error('form not found', formId);\n\t\treturn false;\n\t}\n\n\t\/\/ valid all form required fields\n\tif (typeof form_el.checkValidity === 'function' && !form_el.checkValidity()) {\n\t\t\/\/ modern browsers will support this HTML5 method to check the form required fields\n\t\talert(Joomla.JText._('VBO_PLEASE_FILL_FIELDS'));\n\t\treturn false;\n\t}\n\n\t\/\/ make sure the dates have been selected\n\tvar checkin_date_el = jQuery(form_el).find('input[name=\"checkindate\"]');\n\tvar checkout_date_el = jQuery(form_el).find('input[name=\"checkoutdate\"]');\n\tif (!checkin_date_el.length || !checkin_date_el.val().length || !checkout_date_el.length || !checkout_date_el.val().length) {\n\t\talert(Joomla.JText._('VBO_PLEASE_SEL_DATES'));\n\t\treturn false;\n\t}\n\t\/\/ make sure the dates are not identical to have a min stay of 1 night\n\t\/\/ as by default the datepicker could set equal dates to the hidden fields.\n\tif (checkin_date_el.val() == checkout_date_el.val()) {\n\t\talert(Joomla.JText._('VBO_PLEASE_SEL_DATES'));\n\t\treturn false;\n\t}\n\n\t\/\/ disable the send request button to avoid double submissions\n\telem.disabled = true;\n\t\n\t\/\/ get form values\n\tvar qstring = jQuery(form_el).serialize();\n\n\t\/\/ make sure the task is not set\n\tqstring = qstring.replace('task=search', '');\n\tqstring = qstring.replace('view=search', '');\n\n\t\/\/ make the ajax request to the controller\n\tjQuery.ajax({\n\t\ttype: \"POST\",\n\t\turl: \"https:\/\/www.alnaturalresort.com\/wp-admin\/admin-ajax.php?task=submit_inquiry&Itemid=1494&action=vikbooking&vik_ajax_client=site\",\n\t\tdata: qstring\n\t}).done(function(res) {\n\t\tif (!res.hasOwnProperty('status')) {\n\t\t\talert('Invalid response');\n\t\t\t\/\/ re-enable the button\n\t\t\telem.disabled = false;\n\t\t\treturn false;\n\t\t}\n\t\tif (!res.status) {\n\t\t\talert(res.error);\n\t\t\t\/\/ re-enable the button\n\t\t\telem.disabled = false;\n\t\t\treturn false;\n\t\t}\n\t\t\/\/ show success message by replacing all fields\n\t\tjQuery('.vbo-mod-horsearch-inquiry-fields').html('<p class=\"vbo-mod-horsearch-inquiry-mess-success\">' + Joomla.JText._('VBO_THANKS_INQ_SUBMITTED') + '<\/p>');\n\t\t\/\/ remove submit button container\n\t\tjQuery('.vbo-mod-horsearch-inquiry-submit').remove();\n\t}).fail(function(err) {\n\t\talert(err.responseText);\n\t\t\/\/ re-enable the button\n\t\telem.disabled = false;\n\t});\n}\n\nfunction vboModHorSearchBookOnline(formId) {\n\tvar form_el = document.getElementById('vbo-mod-horsearch-form-' + formId);\n\tif (!form_el) {\n\t\tconsole.error('form not found', formId);\n\t\treturn false;\n\t}\n\n\t\/\/ we need to let a button of type button trigger the submit of the \"check availability\"\n\t\/\/ or in case of inquiry, the browser will check the validity of the required fields.\n\n\t\/\/ we only check if the dates have been selected\n\tvar checkin_date_el = jQuery(form_el).find('input[name=\"checkindate\"]');\n\tvar checkout_date_el = jQuery(form_el).find('input[name=\"checkoutdate\"]');\n\tif (!checkin_date_el.length || !checkin_date_el.val().length || !checkout_date_el.length || !checkout_date_el.val().length) {\n\t\talert(Joomla.JText._('VBO_PLEASE_SEL_DATES'));\n\t\treturn false;\n\t}\n\n\t\/\/ make sure the dates are not identical to have a min stay of 1 night\n\t\/\/ as by default the datepicker could set equal dates to the hidden fields.\n\tif (checkin_date_el.val() == checkout_date_el.val()) {\n\t\talert(Joomla.JText._('VBO_PLEASE_SEL_DATES'));\n\t\treturn false;\n\t}\n\n\t\/\/ simply submit the form to start the booking process\n\tform_el.submit();\n\n\treturn true;\n}\n\nfunction vbAddElementMod733() {\n\tvar ni = document.getElementById('vbmoreroomscontmod733');\n\tvar numi = document.getElementById('vbroomhelpermod733');\n\tvar num = (document.getElementById('vbroomhelpermod733').value -1) + 2;\n\tnumi.value = num;\n\tvar newdiv = document.createElement('div');\n\tvar divIdName = 'vb'+num+'racont';\n\tnewdiv.setAttribute('id', divIdName);\n\t\/\/ build HTML content to append to new element\n\tvar new_element_html = document.getElementsByClassName('vbo-modhs-add-element-html')[0].innerHTML;\n\t\/\/ set room number\n\tlet rp_rgx = new RegExp('%d', 'g');\n\tnew_element_html = new_element_html.replace(rp_rgx, num);\n\t\/\/ get rid of label tag (Web Accessibility)\n\tlet lbl_rgx = new RegExp(\/<label\\s.+>.+<\\\/label>\/, 'g');\n\tnew_element_html = new_element_html.replace(lbl_rgx, '');\n\t\/\/ get rid of any id attribute (Web Accessibility)\n\tlet idattr_rgx = new RegExp(\/id=\"[^\\\"]+\"\/, 'g');\n\tnew_element_html = new_element_html.replace(idattr_rgx, '');\n\t\/\/ set HTML content and append element\n\tnewdiv.innerHTML = new_element_html;\n\tni.appendChild(newdiv);\n}\n\nfunction vbSetRoomsAdultsMod733(totrooms) {\n\tvar actrooms = parseInt(document.getElementById('vbroomhelpermod733').value);\n\tvar torooms = parseInt(totrooms);\n\tvar difrooms;\n\tif (torooms > actrooms) {\n\t\tdifrooms = torooms - actrooms;\n\t\tfor (var ir = 1; ir <= difrooms; ir++) {\n\t\t\tvbAddElementMod733();\n\t\t}\n\t}\n\tif (torooms < actrooms) {\n\t\tfor (var ir = actrooms; ir > torooms; ir--) {\n\t\t\tif (ir > 1) {\n\t\t\t\tvar rmra = document.getElementById('vb' + ir + 'racont');\n\t\t\t\trmra.parentNode.removeChild(rmra);\n\t\t\t}\n\t\t}\n\t\tdocument.getElementById('vbroomhelpermod733').value = torooms;\n\t}\n\tif (document.getElementById('vbmodhorsearch-hum-guests-rooms733')) {\n\t\tdocument.getElementById('vbmodhorsearch-hum-guests-rooms733').innerText = torooms;\n\t\tvbCountTotGuests733();\n\t}\n}\n\nfunction vbCountTotGuests733() {\n\tif (!document.getElementById('vbmodhorsearch-hum-guests-rooms733')) {\n\t\treturn;\n\t}\n\tvar totadults = 0;\n\tvar totchildren = 0;\n\tjQuery('#vbmodhorsearch-hum-guests-count733').parent().find('select[name=\"adults[]\"]').each(function() {\n\t\tvar curel = jQuery(this).find('option:selected');\n\t\tif (curel.length) {\n\t\t\ttotadults += parseInt(curel.val());\n\t\t}\n\t});\n\tjQuery('#vbmodhorsearch-hum-guests-adults733').text(totadults);\n\tif (jQuery('#vbmodhorsearch-hum-guests-children733').length) {\n\t\tjQuery('#vbmodhorsearch-hum-guests-count733').parent().find('select[name=\"children[]\"]').each(function() {\n\t\t\tvar curel = jQuery(this).find('option:selected');\n\t\t\tif (curel.length) {\n\t\t\t\ttotchildren += parseInt(curel.val());\n\t\t\t}\n\t\t});\n\t\tjQuery('#vbmodhorsearch-hum-guests-children733').text(totchildren);\n\t}\n}\n\nfunction vbCalcNightsMod733() {\n\tvar vbcheckin = document.getElementById('checkindatemod733').value;\n\tvar vbcheckout = document.getElementById('checkoutdatemod733').value;\n\tif (vbcheckin.length > 0 && vbcheckout.length > 0) {\n\t\tvar vbcheckinp = vbcheckin.split(\"\/\");\n\t\tvar vbcheckoutp = vbcheckout.split(\"\/\");\n\t\t\tvar vbinmonth = parseInt(vbcheckinp[1]);\n\t\tvbinmonth = vbinmonth - 1;\n\t\tvar vbinday = parseInt(vbcheckinp[0], 10);\n\t\tvar vbcheckind = new Date(vbcheckinp[2], vbinmonth, vbinday);\n\t\tvar vboutmonth = parseInt(vbcheckoutp[1]);\n\t\tvboutmonth = vboutmonth - 1;\n\t\tvar vboutday = parseInt(vbcheckoutp[0], 10);\n\t\tvar vbcheckoutd = new Date(vbcheckoutp[2], vboutmonth, vboutday);\n\t\t\t\tvar vbdivider = 1000 * 60 * 60 * 24;\n\t\tvar vbints = vbcheckind.getTime();\n\t\tvar vboutts = vbcheckoutd.getTime();\n\t\tif (vboutts > vbints) {\n\t\t\t\/\/var vbnights = Math.ceil((vboutts - vbints) \/ (vbdivider));\n\t\t\tvar utc1 = Date.UTC(vbcheckind.getFullYear(), vbcheckind.getMonth(), vbcheckind.getDate());\n\t\t\tvar utc2 = Date.UTC(vbcheckoutd.getFullYear(), vbcheckoutd.getMonth(), vbcheckoutd.getDate());\n\t\t\tvar vbnights = Math.ceil((utc2 - utc1) \/ vbdivider);\n\t\t\tif (vbnights > 0) {\n\t\t\t\tdocument.getElementById('vbjstotnightsmod733').innerHTML = '<div class=\"vbo-horizsearch-numnights-inner\"><span>Nights:<\/span> <span>'+vbnights+'<\/span><\/div>';\n\t\t\t} else {\n\t\t\t\tdocument.getElementById('vbjstotnightsmod733').innerHTML = '';\n\t\t\t}\n\t\t} else {\n\t\t\tdocument.getElementById('vbjstotnightsmod733').innerHTML = '';\n\t\t}\n\t} else {\n\t\tdocument.getElementById('vbjstotnightsmod733').innerHTML = '';\n\t}\n}\n<\/script>\n\n<input type=\"hidden\" id=\"vbroomhelpermod733\" value=\"1\"\/>\n<\/div><div id=\"custom_html-8\" class=\"widget_text widget widget_custom_html\"><h3 class=\"widgettitle\">NEWS<\/h3><div class=\"textwidget custom-html-widget\"><a href=\"https:\/\/www.alnaturalresort.com\/fr\/offres-speciales-et-infos-de-dernieres-minutes\/\">OFFRES SPECIALES ET INFOS DE DERNIERES MINUTES\r\n<\/a>\r\n<hr style=\"border-top: 0.5px dotted;  margin-top:20px; color:#B0C4DE;\"><\/div><\/div><div id=\"text-3\" class=\"widget widget_text\"><h3 class=\"widgettitle\">TRIP ADVISORS<\/h3>\t\t\t<div class=\"textwidget\"><p><em>\u00ab Endroit coup\u00e9 du monde, pas de wi-fi, on y arrive apr\u00e8s 45 minutes de bateau depuis Bocas del Toro\u2026 Endroit \u00e0 d\u00e9couvrir absolument. \u00bb<\/em><\/p>\n<p>Par Brigitte B post\u00e9 sur Trip Advisor le 16 april 16 2019<\/p>\n<p><em>\u00ab Un bout du monde inoubliable pour nous tous et une adresse qu\u2019on aimerait garder secr\u00e8te. \u00bb<\/em><\/p>\n<p>Par WAME75, post\u00e9 sur Trip Advisor le 26 mai 2019<\/p>\n<\/div>\n\t\t<\/div><\/div><\/div><\/div><\/div><\/div><\/div><\/div><\/section>\n","protected":false},"excerpt":{"rendered":"\u00a0TARIFS FORFAIT AL NATURAL \u00a0 POUR LA HAUTE SAISON 2026-2027 DU 1ER DECEMBRE AU 30 AVRIL Prix par jour (en U.S. Dollars): \u00a0 \u00a0 \u00a0 \u00a0 \u00a0 \u00a0 \u00a0 \u00a0 \u00a0 \u00a0\u00a0 Par personne Par bungalow Habitation Naturelle $190.00 (2 adultes) $380.00 Habitation Naturelle Sup\u00e9rieure $235.00 (occupation double) $210.00 (3 adultes) $200.00 (4 adultes) $470.00...","protected":false},"author":1,"featured_media":0,"parent":0,"menu_order":0,"comment_status":"closed","ping_status":"closed","template":"","meta":{"footnotes":""},"class_list":["post-2739","page","type-page","status-publish","hentry"],"_links":{"self":[{"href":"https:\/\/www.alnaturalresort.com\/fr\/wp-json\/wp\/v2\/pages\/2739","targetHints":{"allow":["GET"]}}],"collection":[{"href":"https:\/\/www.alnaturalresort.com\/fr\/wp-json\/wp\/v2\/pages"}],"about":[{"href":"https:\/\/www.alnaturalresort.com\/fr\/wp-json\/wp\/v2\/types\/page"}],"author":[{"embeddable":true,"href":"https:\/\/www.alnaturalresort.com\/fr\/wp-json\/wp\/v2\/users\/1"}],"replies":[{"embeddable":true,"href":"https:\/\/www.alnaturalresort.com\/fr\/wp-json\/wp\/v2\/comments?post=2739"}],"version-history":[{"count":14,"href":"https:\/\/www.alnaturalresort.com\/fr\/wp-json\/wp\/v2\/pages\/2739\/revisions"}],"predecessor-version":[{"id":19297,"href":"https:\/\/www.alnaturalresort.com\/fr\/wp-json\/wp\/v2\/pages\/2739\/revisions\/19297"}],"wp:attachment":[{"href":"https:\/\/www.alnaturalresort.com\/fr\/wp-json\/wp\/v2\/media?parent=2739"}],"curies":[{"name":"wp","href":"https:\/\/api.w.org\/{rel}","templated":true}]}}