{"id":2758,"date":"2021-02-16T09:33:23","date_gmt":"2021-02-16T08:33:23","guid":{"rendered":"http:\/\/lab.crd.be\/alnatural\/all-inclusive-package-high-season-rates\/"},"modified":"2026-04-09T17:08:50","modified_gmt":"2026-04-09T15:08:50","slug":"tarif-forfait-all-inclusive","status":"publish","type":"page","link":"https:\/\/www.alnaturalresort.com\/fr\/tarif-forfait-all-inclusive\/","title":{"rendered":"TARIF FORFAIT ALL INCLUSIVE"},"content":{"rendered":"<section class=\"l-section wpb_row height_huge with_img\" id=\"image-Header\"><div class=\"l-section-img\" role=\"img\" aria-label=\"Image\" data-img-width=\"1800\" data-img-height=\"1197\" style=\"background-image: url(https:\/\/www.alnaturalresort.com\/wp-content\/uploads\/Fernando-Bocanegra-246.jpg);background-repeat: no-repeat;\"><\/div><div class=\"l-section-h i-cf\"><div class=\"g-cols vc_row via_flex valign_top type_default stacking_default\"><div class=\"vc_col-sm-12 wpb_column vc_column_container\"><div class=\"vc_column-inner\"><div class=\"wpb_wrapper\"><\/div><\/div><\/div><\/div><\/div><\/section><section class=\"l-section wpb_row height_medium\"><div class=\"l-section-h i-cf\"><div class=\"g-cols vc_row via_flex valign_top type_boxes stacking_default\"><div class=\"vc_col-sm-9 wpb_column vc_column_container\"><div class=\"vc_column-inner\"><div class=\"wpb_wrapper\"><div class=\"g-cols wpb_row via_flex valign_top type_default stacking_default\"><div class=\"vc_col-sm-12 wpb_column vc_column_container\"><div class=\"vc_column-inner\"><div class=\"wpb_wrapper\"><div class=\"wpb_text_column\"><div class=\"wpb_wrapper\"><h1>TARIF FORFAIT ALL INCLUSIVE<\/h1>\n<\/div><\/div><div class=\"wpb_text_column us_custom_fb5a478f has_text_color\"><div class=\"wpb_wrapper\"><h2>\u00a0 POUR LA HAUTE SAISON 2024 \u2013 2025 :<\/h2>\n<\/div><\/div><div class=\"wpb_text_column\"><div class=\"wpb_wrapper\"><h4>DU 1<sup>er<\/sup> D\u00c9CEMBRE AU 30 AVRIL<\/h4>\n<\/div><\/div><div class=\"wpb_text_column\"><div class=\"wpb_wrapper\"><p><b>Prix par jour (en U.S. Dollars): \u00a0 \u00a0\u00a0<\/b><\/p>\n<table border=\"1\" width=\"100%\" cellspacing=\"0\" cellpadding=\"5\">\n<tbody>\n<tr>\n<td align=\"left\" valign=\"top\" width=\"215\"><\/td>\n<td align=\"right\" valign=\"top\" width=\"101\"><\/td>\n<td align=\"right\" valign=\"top\" width=\"103\"><b>Pour le bungalow<\/b><\/td>\n<\/tr>\n<tr>\n<td valign=\"top\" width=\"215\"><strong>Habitation Naturelle\u00a0\u00a0\u00a0\u00a0\u00a0\u00a0\u00a0\u00a0\u00a0\u00a0\u00a0\u00a0\u00a0\u00a0<\/strong><\/td>\n<td align=\"right\" valign=\"top\" width=\"101\">2 adultes:<\/td>\n<td align=\"right\" valign=\"top\" width=\"103\"><strong><span class=\"s1\">$560.00<\/span><\/strong><\/td>\n<\/tr>\n<tr>\n<td valign=\"top\" width=\"215\"><strong>Habitation Naturelle Sup\u00e9rieure<\/strong><\/td>\n<td align=\"right\" valign=\"top\" width=\"101\">2 adultes:<br \/>\n3 adultes:<br \/>\n4 adultes:<\/td>\n<td align=\"right\" valign=\"top\" width=\"103\"><strong><span class=\"s1\">$650.00<\/span><br \/>\n<\/strong><strong><span class=\"s1\">$900.00<\/span><br \/>\n<span class=\"s1\">$1,160.00<\/span><\/strong><\/td>\n<\/tr>\n<tr>\n<td valign=\"top\" width=\"215\"><strong>Habitation Naturelle \u00e0 2 lits \u00a0 \u00a0<\/strong><\/td>\n<td align=\"right\" valign=\"top\" width=\"101\">2 adultes:<br \/>\n3 adultes:<br \/>\n4 adultes:<\/td>\n<td align=\"right\" valign=\"top\" width=\"103\"><strong><span class=\"s1\">$560.00<\/span><br \/>\n<\/strong><strong><span class=\"s1\">$810.00<\/span><br \/>\n<span class=\"s1\">$1040.00<\/span><\/strong><\/td>\n<\/tr>\n<tr>\n<td valign=\"top\" width=\"215\"><strong>Habitation Naturelle Sup\u00e9rieure <\/strong><br \/>\n<strong> \u00e0 2 niveaux\u00a0\u00a0\u00a0\u00a0\u00a0\u00a0 \u00a0\u00a0\u00a0\u00a0\u00a0\u00a0\u00a0\u00a0\u00a0\u00a0\u00a0\u00a0\u00a0\u00a0\u00a0\u00a0\u00a0\u00a0\u00a0\u00a0\u00a0\u00a0\u00a0\u00a0<\/strong><\/td>\n<td align=\"right\" valign=\"top\" width=\"101\">2 adultes:<br \/>\n3 adultes:<br \/>\n4 adultes:<br \/>\n5 adultes:<\/td>\n<td align=\"right\" valign=\"top\" width=\"103\"><strong><span class=\"s1\">$680.00<\/span><br \/>\n<\/strong><strong><span class=\"s1\">$930.00<\/span><br \/>\n<span class=\"s1\">$1,180.00<\/span><\/strong><br \/>\n<strong><span class=\"s1\">$1,425.00<\/span><\/strong><\/td>\n<\/tr>\n<tr>\n<td valign=\"top\" width=\"215\"><strong>Habitation Naturelle \u00e0 3 Chambres<\/strong><\/td>\n<td align=\"right\" valign=\"top\" width=\"101\">2 adultes:<br \/>\n3 adultes:<br \/>\n4 adultes:<br \/>\n5 adultes:<br \/>\n6 adultes:<\/td>\n<td align=\"right\" valign=\"top\" width=\"103\"><strong><span class=\"s1\">$650.00<\/span><br \/>\n<\/strong><strong><span class=\"s1\">$870.00<\/span><br \/>\n<\/strong><strong><span class=\"s1\">$1,120.00<\/span><br \/>\n<\/strong><strong><span class=\"s1\">$1,350.00<\/span><br \/>\n<span class=\"s1\">$1,560.00<\/span><\/strong><\/td>\n<\/tr>\n<\/tbody>\n<\/table>\n<\/div><\/div><div class=\"w-separator size_small\"><\/div><div class=\"wpb_text_column\"><div class=\"wpb_wrapper\"><h3>CONDITIONS SP\u00c9CIALES:<\/h3>\n<\/div><\/div><div class=\"wpb_text_column\"><div class=\"wpb_wrapper\"><ul>\n<li><strong>Single\u00a0<\/strong>: + 50% du prix par personne en occupation double.<\/li>\n<li><strong>Enfants<\/strong> (de 3 a 12 ans) : 50% du prix pour une personne en occupation double<\/li>\n<\/ul>\n<\/div><\/div><div class=\"w-separator size_small\"><\/div><div class=\"wpb_text_column\"><div class=\"wpb_wrapper\"><h3>INCLUS DANS LES FORFAITS ALL INCLUSIVE :<\/h3>\n<\/div><\/div><div class=\"wpb_text_column\"><div class=\"wpb_wrapper\"><p>Avec le Forfait All Inclusive, en plus de ce qui est compris dans le Forfait\u00a0Al Natural (le transfert, les 3 repas, l\u2019utilisation des kayaks, l\u2019\u00e9quipement de plong\u00e9e tuba) sont inclus les boissons alcoolis\u00e9es et non-alcoolis\u00e9es, une excursion par jour, et la pratique de la voile avec notre Hobie Cat (forfait de 30$ pour une initiation d\u2019une demie heure pour les novices)<\/p>\n<p>Les excursions durent en g\u00e9n\u00e9ral une demi-journ\u00e9e. Pour un s\u00e9jour de 2 nuits, nous proposons en g\u00e9n\u00e9ral soit une excursion sur les plages idylliques des \u00eeles de Zapatillas dans le parc national avec un arr\u00eat plong\u00e9e tuba dans les eaux cristallines, soit une sortie de plong\u00e9e tuba sur le r\u00e9cif corallien \u00e0 Crawl Cay et ses environs ou une excursion en cayuco (cano\u00eb en bois de tradition locale) dans les rivi\u00e8res de mangrove pour d\u00e9couvrir la faune et la flore locale et le village indien de Salt Creek.<\/p>\n<p>Lors d\u2019un s\u00e9jour de 3 nuits ou plus, sont \u00e9galement propos\u00e9es les excursions suivantes\u00a0: trek dans la jungle et sur le long des plages du parc national de l\u2019\u00eele de Bastimentos, une excursion en bateau \u00e0 la baie aux dauphins, une excursion a \u00ab\u00a0Red frog Beach\u00a0\u00bb ou au village de Old Bank et \u00ab\u00a0First Beach\u00a0\u00bb ou une visite de la ville de Bocas. Une sortie en mer pour pratiquer la p\u00eache \u00e0 la tra\u00eene ou une p\u00eache traditionnelle en cayuco peut \u00eatre \u00e9galement organis\u00e9e.<\/p>\n<p>Des excursions pour la journ\u00e9e avec un pique-nique peuvent \u00eatre \u00e9galement organis\u00e9es.<\/p>\n<p>A Al Natural, nous avons un bar offrant une grande vari\u00e9t\u00e9 de rhum et d\u2018alcools import\u00e9s. Vous pourrez profiter de nos classiques : Pina Colada, Daiquiri passion fruit, Margarita, Caipirinha et notre d\u00e9licieux \u00ab Naturalito \u00bb, ainsi que beaucoup d\u2019autres cocktails. Merci de noter que nous avons une large s\u00e9lection d\u2019alcools qui comprend des alcools de grands \u00e2ges et que ceux-ci ne sont pas inclus dans le forfait. Merci pour votre compr\u00e9hension.<\/p>\n<p>Le forfait All Inclusive est de 2 nuits minimum. Si vous r\u00e9servez pour 5 nuits ou plus, nous ne pouvons vous garantir des excursions en bateau diff\u00e9rentes chaque jour.<\/p>\n<p>Certaines excursions en bateau d\u00e9pendent des conditions m\u00e9t\u00e9o.<\/p>\n<p>Le prix d\u2019entr\u00e9e au village indien ou des balades offerts au village ne sont pas compris dans le forfait, ainsi que les\u00a0co\u00fbts des services qui ne sont pas rendus par notre h\u00f4tel : les tours qui sont organis\u00e9s par la communaut\u00e9s indig\u00e8ne de Salt Creeck et qui sont \u00e0 payer sur place, les classes de surf, le Zip line \u00e0 Red Frog, etc. Ce qui est inclus est le\u00a0co\u00fbt du transport par bateau entre l\u2019h\u00f4tel et les endroits o\u00f9 ces services sont disponibles.<\/p>\n<p>Si vous \u00eates int\u00e9ress\u00e9 par la pratique de la plong\u00e9e en bouteille ou de la p\u00eache et que vous choisissez le forfait All Inclusive, nous accordons une remise sur le co\u00fbt de la plong\u00e9e ou de la p\u00eache si vous ne faites pas d\u2019autres excursions ce jour l\u00e0.<\/p>\n<\/div><\/div><div class=\"w-separator size_small\"><\/div><div class=\"w-socials color_brand shape_square style_default hover_fade\"><div class=\"w-socials-list\"><div class=\"w-socials-item facebook\"><a target=\"_blank\" rel=\"nofollow\" href=\"#\" class=\"w-socials-item-link\" aria-label=\"Facebook\"><span class=\"w-socials-item-link-hover\"><\/span><i class=\"fab fa-facebook\"><\/i><\/a><div class=\"w-socials-item-popup\"><span>Facebook<\/span><\/div><\/div><div class=\"w-socials-item twitter\"><a target=\"_blank\" rel=\"nofollow\" href=\"#\" class=\"w-socials-item-link\" aria-label=\"X\"><span class=\"w-socials-item-link-hover\"><\/span><i class=\"fab fa-x-twitter\"><svg style=\"width:1em; margin-bottom:-.1em;\" xmlns=\"http:\/\/www.w3.org\/2000\/svg\" viewBox=\"0 0 512 512\" role=\"presentation\"><path fill=\"currentColor\" d=\"M389.2 48h70.6L305.6 224.2 487 464H345L233.7 318.6 106.5 464H35.8L200.7 275.5 26.8 48H172.4L272.9 180.9 389.2 48zM364.4 421.8h39.1L151.1 88h-42L364.4 421.8z\"\/><\/svg><\/i><\/a><div class=\"w-socials-item-popup\"><span>X<\/span><\/div><\/div><div class=\"w-socials-item email\"><a target=\"_blank\" rel=\"nofollow\" href=\"#\" class=\"w-socials-item-link\" aria-label=\"E-mail\"><span class=\"w-socials-item-link-hover\"><\/span><i class=\"fas fa-envelope\"><\/i><\/a><div class=\"w-socials-item-popup\"><span>E-mail<\/span><\/div><\/div><\/div><\/div><\/div><\/div><\/div><\/div><div class=\"w-separator size_medium\"><\/div><\/div><\/div><\/div><div class=\"vc_col-sm-3 wpb_column vc_column_container\"><div class=\"vc_column-inner\"><div class=\"wpb_wrapper\"><div class=\"wpb_widgetised_column wpb_content_element\"><div class=\"wpb_wrapper\"><div id=\"mod_vikbooking_horizontalsearch-6\" class=\"widget widget_mod_vikbooking_horizontalsearch\"><h3 class=\"widgettitle\">RESERVEZ MAINTENANT !<\/h3>\n<div class=\"vbmodhorsearchmaindiv vbo-horizsearch-standardformat-wrap\">\n\t<form action=\"https:\/\/www.alnaturalresort.com\/booking\/?task=search\" method=\"post\" id=\"vbo-mod-horsearch-form-867\">\n\t\t<input type=\"hidden\" name=\"task\" value=\"search\" \/>\n\t\t<div class=\"vbmodhorsearchcheckindiv\">\n\t\t\t<label for=\"checkindatemod867\">Check-in date<\/label>\n\t\t\t<div class=\"input-group\">\n\t\t\t\t<input type=\"text\" name=\"checkindate\" id=\"checkindatemod867\" size=\"10\" autocomplete=\"off\" onfocus=\"this.blur();\" readonly\/>\n\t\t\t\t<i class=\"far fa-calendar-alt vbo-caltrigger\"><\/i>\t\t\t\t<input type=\"hidden\" name=\"checkinh\" value=\"12\"\/>\n\t\t\t\t<input type=\"hidden\" name=\"checkinm\" value=\"0\"\/>\n\t\t\t<\/div>\n\t\t<\/div>\n\t\t<div class=\"vbmodhorsearchcheckoutdiv\">\n\t\t\t<label for=\"checkoutdatemod867\">Check-out date<\/label>\n\t\t\t<div class=\"input-group\">\n\t\t\t\t<input type=\"text\" name=\"checkoutdate\" id=\"checkoutdatemod867\" size=\"10\" autocomplete=\"off\" onfocus=\"this.blur();\" readonly\/>\n\t\t\t\t<i class=\"far fa-calendar-alt vbo-caltrigger\"><\/i>\t\t\t\t<input type=\"hidden\" name=\"checkouth\" value=\"9\"\/>\n\t\t\t\t<input type=\"hidden\" name=\"checkoutm\" value=\"0\"\/>\n\t\t\t<\/div>\n\t\t<\/div>\n\t\t\t<div class=\"vbmodhorsearchtotnights\" id=\"vbjstotnightsmod867\"><\/div>\n\t\t\t<div class=\"vbmodhorsearchrac\">\n\t\t\n\t\t\t<div class=\"vbmodhorsearchroomsel\">\n\t\t\t\t<label for=\"vbmodformroomsn867\">Chambres<\/label>\t\t\t\t<span class=\"vbhsrnselsp\"><select name=\"roomsnum\" id=\"vbmodformroomsn867\" onchange=\"vbSetRoomsAdultsMod867(this.value);\">\n<option value=\"1\">1<\/option>\n<option value=\"2\">2<\/option>\n<option value=\"3\">3<\/option>\n<option value=\"4\">4<\/option>\n<option value=\"5\">5<\/option>\n<option value=\"6\">6<\/option>\n<option value=\"7\">7<\/option>\n<option value=\"8\">8<\/option>\n<option value=\"9\">9<\/option>\n<option value=\"10\">10<\/option>\n<\/select><\/span>\n\t\t\t<\/div>\n\t\t\t\n\t\t\t<div class=\"vbmodhorsearchroomdentr\">\n\t\t\t\t\n\t\t\t\t<div class=\"vbmodhorsearchroomdentrfirst\">\n\t\t\t\t\t<span class=\"horsrnum\">Room 1<\/span>\t\t\t\t\t<div class=\"horsanumdiv\">\n\t\t\t\t\t\t<label class=\"horsanumlb\" for=\"vbo-mhs-adults-867\">Adultes<\/label>\n\t\t\t\t\t\t<span class=\"horsanumsel\"><select name=\"adults[]\" id=\"vbo-mhs-adults-867\" onchange=\"vbCountTotGuests867();\"><option value=\"1\">1<\/option><option value=\"2\" selected=\"selected\">2<\/option><option value=\"3\">3<\/option><option value=\"4\">4<\/option><option value=\"5\">5<\/option><option value=\"6\">6<\/option><\/select><\/span>\n\t\t\t\t\t<\/div>\n\t\t\t\t\t\t\t\t\t\t<div class=\"horscnumdiv\">\n\t\t\t\t\t\t<label class=\"horscnumlb\" for=\"vbo-mhs-children-867\">Enfants<\/label>\n\t\t\t\t\t\t<span class=\"horscnumsel\"><select name=\"children[]\" id=\"vbo-mhs-children-867\" onchange=\"vbCountTotGuests867();\"><option value=\"0\">0<\/option><option value=\"1\">1<\/option><option value=\"2\">2<\/option><option value=\"3\">3<\/option><option value=\"4\">4<\/option><option value=\"5\">5<\/option><\/select><\/span>\n\t\t\t\t\t<\/div>\n\t\t\t\t\t\t\t\t\t<\/div>\n\t\t\t\t\n\t\t\t\t<div class=\"vbmoreroomscontmod\" id=\"vbmoreroomscontmod867\"><\/div>\n\t\t\t\t\n\t\t\t<\/div>\n\t\t\t\n\t\t<\/div>\n\t\t\t<div class=\"vbmodhorsearchbookdiv\">\n\t\t\t<button type=\"submit\" id=\"vbo-mod-horsearch-sbt-867\" class=\"btn vbsearchinputmodhors vbo-pref-color-btn\">RESERVEZ<\/button>\n\t\t<\/div>\n\n\t\t<script type=\"text\/javascript\">\n\t\t\tjQuery(function() {\n\t\t\t\tjQuery('button#vbo-mod-horsearch-sbt-867').on('click', function(e) {\n\t\t\t\t\te.preventDefault();\n\t\t\t\t\tjQuery(this).prop('disabled', true);\n\t\t\t\t\tjQuery(this).html('<i class=\"fas fa-circle-notch fa-spin fa-fw\"><\/i> ' + jQuery(this).text());\n\t\t\t\t\tjQuery(this).closest('form').submit();\n\t\t\t\t});\n\t\t\t});\n\t\t<\/script>\n\t\t<\/form>\n<\/div>\n\n<div class=\"vbo-modhs-js-helpers\" style=\"display: none;\">\n\t<div class=\"vbo-modhs-add-element-html\">\n\t\t<div class=\"vbmodhorsearchroomdentr\">\n\t\t\t<span class=\"horsrnum\">Room %d<\/span>\n\t\t\t<div class=\"horsanumdiv\">\n\t\t\t\t<label style=\"display: none;\" for=\"vbo-mhs-adults-867-hid\">Adultes<\/label>\n\t\t\t\t<span class=\"horsanumsel\"><select name=\"adults[]\" id=\"vbo-mhs-adults-867-hid\" onchange=\"vbCountTotGuests867();\"><option value=\"1\">1<\/option><option value=\"2\" selected=\"selected\">2<\/option><option value=\"3\">3<\/option><option value=\"4\">4<\/option><option value=\"5\">5<\/option><option value=\"6\">6<\/option><\/select><\/span>\n\t\t\t\t\t\t\t<div class=\"horscnumdiv\">\n\t\t\t\t\t<label style=\"display: none;\" for=\"vbo-mhs-children-867-hid\">Enfants<\/label>\n\t\t\t\t\t<span class=\"horscnumsel\"><select name=\"children[]\" id=\"vbo-mhs-children-867-hid\" onchange=\"vbCountTotGuests867();\"><option value=\"0\">0<\/option><option value=\"1\">1<\/option><option value=\"2\">2<\/option><option value=\"3\">3<\/option><option value=\"4\">4<\/option><option value=\"5\">5<\/option><\/select><\/span>\n\t\t\t\t<\/div>\n\t\t\t\t\t\t\t<\/div>\n\t\t<\/div>\n\t<\/div>\n<\/div>\n\n<script type=\"text\/javascript\">\nfunction vboModHorSearchSendRequest(elem, formId) {\n\tvar form_el = document.getElementById('vbo-mod-horsearch-form-' + formId);\n\tif (!form_el) {\n\t\tconsole.error('form not found', formId);\n\t\treturn false;\n\t}\n\n\t\/\/ valid all form required fields\n\tif (typeof form_el.checkValidity === 'function' && !form_el.checkValidity()) {\n\t\t\/\/ modern browsers will support this HTML5 method to check the form required fields\n\t\talert(Joomla.JText._('VBO_PLEASE_FILL_FIELDS'));\n\t\treturn false;\n\t}\n\n\t\/\/ make sure the dates have been selected\n\tvar checkin_date_el = jQuery(form_el).find('input[name=\"checkindate\"]');\n\tvar checkout_date_el = jQuery(form_el).find('input[name=\"checkoutdate\"]');\n\tif (!checkin_date_el.length || !checkin_date_el.val().length || !checkout_date_el.length || !checkout_date_el.val().length) {\n\t\talert(Joomla.JText._('VBO_PLEASE_SEL_DATES'));\n\t\treturn false;\n\t}\n\t\/\/ make sure the dates are not identical to have a min stay of 1 night\n\t\/\/ as by default the datepicker could set equal dates to the hidden fields.\n\tif (checkin_date_el.val() == checkout_date_el.val()) {\n\t\talert(Joomla.JText._('VBO_PLEASE_SEL_DATES'));\n\t\treturn false;\n\t}\n\n\t\/\/ disable the send request button to avoid double submissions\n\telem.disabled = true;\n\t\n\t\/\/ get form values\n\tvar qstring = jQuery(form_el).serialize();\n\n\t\/\/ make sure the task is not set\n\tqstring = qstring.replace('task=search', '');\n\tqstring = qstring.replace('view=search', '');\n\n\t\/\/ make the ajax request to the controller\n\tjQuery.ajax({\n\t\ttype: \"POST\",\n\t\turl: \"https:\/\/www.alnaturalresort.com\/wp-admin\/admin-ajax.php?task=submit_inquiry&Itemid=1494&action=vikbooking&vik_ajax_client=site\",\n\t\tdata: qstring\n\t}).done(function(res) {\n\t\tif (!res.hasOwnProperty('status')) {\n\t\t\talert('Invalid response');\n\t\t\t\/\/ re-enable the button\n\t\t\telem.disabled = false;\n\t\t\treturn false;\n\t\t}\n\t\tif (!res.status) {\n\t\t\talert(res.error);\n\t\t\t\/\/ re-enable the button\n\t\t\telem.disabled = false;\n\t\t\treturn false;\n\t\t}\n\t\t\/\/ show success message by replacing all fields\n\t\tjQuery('.vbo-mod-horsearch-inquiry-fields').html('<p class=\"vbo-mod-horsearch-inquiry-mess-success\">' + Joomla.JText._('VBO_THANKS_INQ_SUBMITTED') + '<\/p>');\n\t\t\/\/ remove submit button container\n\t\tjQuery('.vbo-mod-horsearch-inquiry-submit').remove();\n\t}).fail(function(err) {\n\t\talert(err.responseText);\n\t\t\/\/ re-enable the button\n\t\telem.disabled = false;\n\t});\n}\n\nfunction vboModHorSearchBookOnline(formId) {\n\tvar form_el = document.getElementById('vbo-mod-horsearch-form-' + formId);\n\tif (!form_el) {\n\t\tconsole.error('form not found', formId);\n\t\treturn false;\n\t}\n\n\t\/\/ we need to let a button of type button trigger the submit of the \"check availability\"\n\t\/\/ or in case of inquiry, the browser will check the validity of the required fields.\n\n\t\/\/ we only check if the dates have been selected\n\tvar checkin_date_el = jQuery(form_el).find('input[name=\"checkindate\"]');\n\tvar checkout_date_el = jQuery(form_el).find('input[name=\"checkoutdate\"]');\n\tif (!checkin_date_el.length || !checkin_date_el.val().length || !checkout_date_el.length || !checkout_date_el.val().length) {\n\t\talert(Joomla.JText._('VBO_PLEASE_SEL_DATES'));\n\t\treturn false;\n\t}\n\n\t\/\/ make sure the dates are not identical to have a min stay of 1 night\n\t\/\/ as by default the datepicker could set equal dates to the hidden fields.\n\tif (checkin_date_el.val() == checkout_date_el.val()) {\n\t\talert(Joomla.JText._('VBO_PLEASE_SEL_DATES'));\n\t\treturn false;\n\t}\n\n\t\/\/ simply submit the form to start the booking process\n\tform_el.submit();\n\n\treturn true;\n}\n\nfunction vbAddElementMod867() {\n\tvar ni = document.getElementById('vbmoreroomscontmod867');\n\tvar numi = document.getElementById('vbroomhelpermod867');\n\tvar num = (document.getElementById('vbroomhelpermod867').value -1) + 2;\n\tnumi.value = num;\n\tvar newdiv = document.createElement('div');\n\tvar divIdName = 'vb'+num+'racont';\n\tnewdiv.setAttribute('id', divIdName);\n\t\/\/ build HTML content to append to new element\n\tvar new_element_html = document.getElementsByClassName('vbo-modhs-add-element-html')[0].innerHTML;\n\t\/\/ set room number\n\tlet rp_rgx = new RegExp('%d', 'g');\n\tnew_element_html = new_element_html.replace(rp_rgx, num);\n\t\/\/ get rid of label tag (Web Accessibility)\n\tlet lbl_rgx = new RegExp(\/<label\\s.+>.+<\\\/label>\/, 'g');\n\tnew_element_html = new_element_html.replace(lbl_rgx, '');\n\t\/\/ get rid of any id attribute (Web Accessibility)\n\tlet idattr_rgx = new RegExp(\/id=\"[^\\\"]+\"\/, 'g');\n\tnew_element_html = new_element_html.replace(idattr_rgx, '');\n\t\/\/ set HTML content and append element\n\tnewdiv.innerHTML = new_element_html;\n\tni.appendChild(newdiv);\n}\n\nfunction vbSetRoomsAdultsMod867(totrooms) {\n\tvar actrooms = parseInt(document.getElementById('vbroomhelpermod867').value);\n\tvar torooms = parseInt(totrooms);\n\tvar difrooms;\n\tif (torooms > actrooms) {\n\t\tdifrooms = torooms - actrooms;\n\t\tfor (var ir = 1; ir <= difrooms; ir++) {\n\t\t\tvbAddElementMod867();\n\t\t}\n\t}\n\tif (torooms < actrooms) {\n\t\tfor (var ir = actrooms; ir > torooms; ir--) {\n\t\t\tif (ir > 1) {\n\t\t\t\tvar rmra = document.getElementById('vb' + ir + 'racont');\n\t\t\t\trmra.parentNode.removeChild(rmra);\n\t\t\t}\n\t\t}\n\t\tdocument.getElementById('vbroomhelpermod867').value = torooms;\n\t}\n\tif (document.getElementById('vbmodhorsearch-hum-guests-rooms867')) {\n\t\tdocument.getElementById('vbmodhorsearch-hum-guests-rooms867').innerText = torooms;\n\t\tvbCountTotGuests867();\n\t}\n}\n\nfunction vbCountTotGuests867() {\n\tif (!document.getElementById('vbmodhorsearch-hum-guests-rooms867')) {\n\t\treturn;\n\t}\n\tvar totadults = 0;\n\tvar totchildren = 0;\n\tjQuery('#vbmodhorsearch-hum-guests-count867').parent().find('select[name=\"adults[]\"]').each(function() {\n\t\tvar curel = jQuery(this).find('option:selected');\n\t\tif (curel.length) {\n\t\t\ttotadults += parseInt(curel.val());\n\t\t}\n\t});\n\tjQuery('#vbmodhorsearch-hum-guests-adults867').text(totadults);\n\tif (jQuery('#vbmodhorsearch-hum-guests-children867').length) {\n\t\tjQuery('#vbmodhorsearch-hum-guests-count867').parent().find('select[name=\"children[]\"]').each(function() {\n\t\t\tvar curel = jQuery(this).find('option:selected');\n\t\t\tif (curel.length) {\n\t\t\t\ttotchildren += parseInt(curel.val());\n\t\t\t}\n\t\t});\n\t\tjQuery('#vbmodhorsearch-hum-guests-children867').text(totchildren);\n\t}\n}\n\nfunction vbCalcNightsMod867() {\n\tvar vbcheckin = document.getElementById('checkindatemod867').value;\n\tvar vbcheckout = document.getElementById('checkoutdatemod867').value;\n\tif (vbcheckin.length > 0 && vbcheckout.length > 0) {\n\t\tvar vbcheckinp = vbcheckin.split(\"\/\");\n\t\tvar vbcheckoutp = vbcheckout.split(\"\/\");\n\t\t\tvar vbinmonth = parseInt(vbcheckinp[1]);\n\t\tvbinmonth = vbinmonth - 1;\n\t\tvar vbinday = parseInt(vbcheckinp[0], 10);\n\t\tvar vbcheckind = new Date(vbcheckinp[2], vbinmonth, vbinday);\n\t\tvar vboutmonth = parseInt(vbcheckoutp[1]);\n\t\tvboutmonth = vboutmonth - 1;\n\t\tvar vboutday = parseInt(vbcheckoutp[0], 10);\n\t\tvar vbcheckoutd = new Date(vbcheckoutp[2], vboutmonth, vboutday);\n\t\t\t\tvar vbdivider = 1000 * 60 * 60 * 24;\n\t\tvar vbints = vbcheckind.getTime();\n\t\tvar vboutts = vbcheckoutd.getTime();\n\t\tif (vboutts > vbints) {\n\t\t\t\/\/var vbnights = Math.ceil((vboutts - vbints) \/ (vbdivider));\n\t\t\tvar utc1 = Date.UTC(vbcheckind.getFullYear(), vbcheckind.getMonth(), vbcheckind.getDate());\n\t\t\tvar utc2 = Date.UTC(vbcheckoutd.getFullYear(), vbcheckoutd.getMonth(), vbcheckoutd.getDate());\n\t\t\tvar vbnights = Math.ceil((utc2 - utc1) \/ vbdivider);\n\t\t\tif (vbnights > 0) {\n\t\t\t\tdocument.getElementById('vbjstotnightsmod867').innerHTML = '<div class=\"vbo-horizsearch-numnights-inner\"><span>Nights:<\/span> <span>'+vbnights+'<\/span><\/div>';\n\t\t\t} else {\n\t\t\t\tdocument.getElementById('vbjstotnightsmod867').innerHTML = '';\n\t\t\t}\n\t\t} else {\n\t\t\tdocument.getElementById('vbjstotnightsmod867').innerHTML = '';\n\t\t}\n\t} else {\n\t\tdocument.getElementById('vbjstotnightsmod867').innerHTML = '';\n\t}\n}\n<\/script>\n\n<input type=\"hidden\" id=\"vbroomhelpermod867\" value=\"1\"\/>\n<\/div><div id=\"custom_html-8\" class=\"widget_text widget widget_custom_html\"><h3 class=\"widgettitle\">NEWS<\/h3><div class=\"textwidget custom-html-widget\"><a href=\"https:\/\/www.alnaturalresort.com\/fr\/offres-speciales-et-infos-de-dernieres-minutes\/\">OFFRES SPECIALES ET INFOS DE DERNIERES MINUTES\r\n<\/a>\r\n<hr style=\"border-top: 0.5px dotted;  margin-top:20px; color:#B0C4DE;\"><\/div><\/div><div id=\"text-3\" class=\"widget widget_text\"><h3 class=\"widgettitle\">TRIP ADVISORS<\/h3>\t\t\t<div class=\"textwidget\"><p><em>\u00ab Endroit coup\u00e9 du monde, pas de wi-fi, on y arrive apr\u00e8s 45 minutes de bateau depuis Bocas del Toro\u2026 Endroit \u00e0 d\u00e9couvrir absolument. \u00bb<\/em><\/p>\n<p>Par Brigitte B post\u00e9 sur Trip Advisor le 16 april 16 2019<\/p>\n<p><em>\u00ab Un bout du monde inoubliable pour nous tous et une adresse qu\u2019on aimerait garder secr\u00e8te. \u00bb<\/em><\/p>\n<p>Par WAME75, post\u00e9 sur Trip Advisor le 26 mai 2019<\/p>\n<\/div>\n\t\t<\/div><\/div><\/div><\/div><\/div><\/div><\/div><\/div><\/section>\n","protected":false},"excerpt":{"rendered":"TARIF FORFAIT ALL INCLUSIVE \u00a0 POUR LA HAUTE SAISON 2024 \u2013 2025 : DU 1er D\u00c9CEMBRE AU 30 AVRIL Prix par jour (en U.S. Dollars): \u00a0 \u00a0\u00a0 Pour le bungalow Habitation Naturelle\u00a0\u00a0\u00a0\u00a0\u00a0\u00a0\u00a0\u00a0\u00a0\u00a0\u00a0\u00a0\u00a0\u00a0 2 adultes: $560.00 Habitation Naturelle Sup\u00e9rieure 2 adultes: 3 adultes: 4 adultes: $650.00 $900.00 $1,160.00 Habitation Naturelle \u00e0 2 lits \u00a0 \u00a0 2...","protected":false},"author":1,"featured_media":0,"parent":0,"menu_order":0,"comment_status":"closed","ping_status":"closed","template":"","meta":{"footnotes":""},"class_list":["post-2758","page","type-page","status-publish","hentry"],"_links":{"self":[{"href":"https:\/\/www.alnaturalresort.com\/fr\/wp-json\/wp\/v2\/pages\/2758","targetHints":{"allow":["GET"]}}],"collection":[{"href":"https:\/\/www.alnaturalresort.com\/fr\/wp-json\/wp\/v2\/pages"}],"about":[{"href":"https:\/\/www.alnaturalresort.com\/fr\/wp-json\/wp\/v2\/types\/page"}],"author":[{"embeddable":true,"href":"https:\/\/www.alnaturalresort.com\/fr\/wp-json\/wp\/v2\/users\/1"}],"replies":[{"embeddable":true,"href":"https:\/\/www.alnaturalresort.com\/fr\/wp-json\/wp\/v2\/comments?post=2758"}],"version-history":[{"count":11,"href":"https:\/\/www.alnaturalresort.com\/fr\/wp-json\/wp\/v2\/pages\/2758\/revisions"}],"predecessor-version":[{"id":2765,"href":"https:\/\/www.alnaturalresort.com\/fr\/wp-json\/wp\/v2\/pages\/2758\/revisions\/2765"}],"wp:attachment":[{"href":"https:\/\/www.alnaturalresort.com\/fr\/wp-json\/wp\/v2\/media?parent=2758"}],"curies":[{"name":"wp","href":"https:\/\/api.w.org\/{rel}","templated":true}]}}