{"id":3036,"date":"2021-02-10T09:43:51","date_gmt":"2021-02-10T08:43:51","guid":{"rendered":"http:\/\/lab.crd.be\/alnatural\/contact\/"},"modified":"2024-03-19T16:29:53","modified_gmt":"2024-03-19T15:29:53","slug":"contact","status":"publish","type":"page","link":"https:\/\/www.alnaturalresort.com\/fr\/contact\/","title":{"rendered":"CONTACT"},"content":{"rendered":"<section class=\"l-section wpb_row height_huge with_img\" id=\"image-Header\"><div class=\"l-section-img\" role=\"img\" aria-label=\"Image\" data-img-width=\"2626\" data-img-height=\"816\" style=\"background-image: url(https:\/\/www.alnaturalresort.com\/wp-content\/uploads\/Capture-de\u0301cran-2021-03-02-a\u0300-16.53.59.png);background-position: center right;background-repeat: no-repeat;\"><\/div><div class=\"l-section-h i-cf\"><div class=\"g-cols vc_row via_flex valign_top type_default stacking_default\"><div class=\"vc_col-sm-12 wpb_column vc_column_container\"><div class=\"vc_column-inner\"><div class=\"wpb_wrapper\"><div class=\"g-cols wpb_row via_flex valign_top type_default stacking_default\"><div class=\"vc_col-sm-2 wpb_column vc_column_container\"><div class=\"vc_column-inner\"><div class=\"wpb_wrapper\"><div class=\"w-actionbox color_light controls_right\"><div class=\"w-actionbox-text\"><\/div><div class=\"w-actionbox-controls\"><a class=\"w-btn us-btn-style_1\" target=\"_blank\" rel=\"nofollow\" href=\"https:\/\/goo.gl\/maps\/rojvEnYygqZspxPm7\"><span class=\"w-btn-label\">Google Maps<\/span><\/a><\/div><\/div><\/div><\/div><\/div><div class=\"vc_col-sm-2 wpb_column vc_column_container\"><div class=\"vc_column-inner\"><div class=\"wpb_wrapper\"><\/div><\/div><\/div><div class=\"vc_col-sm-2 wpb_column vc_column_container\"><div class=\"vc_column-inner\"><div class=\"wpb_wrapper\"><\/div><\/div><\/div><div class=\"vc_col-sm-2 wpb_column vc_column_container\"><div class=\"vc_column-inner\"><div class=\"wpb_wrapper\"><\/div><\/div><\/div><div class=\"vc_col-sm-2 wpb_column vc_column_container\"><div class=\"vc_column-inner\"><div class=\"wpb_wrapper\"><\/div><\/div><\/div><div class=\"vc_col-sm-2 wpb_column vc_column_container\"><div class=\"vc_column-inner\"><div class=\"wpb_wrapper\"><\/div><\/div><\/div><\/div><\/div><\/div><\/div><\/div><\/div><\/section><section class=\"l-section wpb_row height_medium\"><div class=\"l-section-h i-cf\"><div class=\"g-cols vc_row via_flex valign_top type_boxes stacking_default\"><div class=\"vc_col-sm-9 wpb_column vc_column_container\"><div class=\"vc_column-inner\"><div class=\"wpb_wrapper\"><div class=\"g-cols wpb_row via_flex valign_top type_default stacking_default\"><div class=\"vc_col-sm-12 wpb_column vc_column_container\"><div class=\"vc_column-inner\"><div class=\"wpb_wrapper\"><div class=\"wpb_text_column\"><div class=\"wpb_wrapper\"><h1>CONTACT<\/h1>\n<\/div><\/div><div class=\"w-separator size_small\"><\/div><div class=\"wpb_text_column us_custom_fb5a478f has_text_color\"><div class=\"wpb_wrapper\"><h2>\u00a0 CONTACTEZ-NOUS<\/h2>\n<\/div><\/div><div class=\"w-separator size_medium\"><\/div>\n<div class=\"wpcf7 no-js\" id=\"wpcf7-f4436-o1\" lang=\"en-US\" dir=\"ltr\" data-wpcf7-id=\"4436\">\n<div class=\"screen-reader-response\"><p role=\"status\" aria-live=\"polite\" aria-atomic=\"true\"><\/p> <ul><\/ul><\/div>\n<form action=\"\/fr\/wp-json\/wp\/v2\/pages\/3036#wpcf7-f4436-o1\" method=\"post\" class=\"wpcf7-form init\" aria-label=\"Contact form\" novalidate=\"novalidate\" data-status=\"init\">\n<fieldset class=\"hidden-fields-container\"><input type=\"hidden\" name=\"_wpcf7\" value=\"4436\" \/><input type=\"hidden\" name=\"_wpcf7_version\" value=\"6.1.5\" \/><input type=\"hidden\" name=\"_wpcf7_locale\" value=\"en_US\" \/><input type=\"hidden\" name=\"_wpcf7_unit_tag\" value=\"wpcf7-f4436-o1\" \/><input type=\"hidden\" name=\"_wpcf7_container_post\" value=\"0\" \/><input type=\"hidden\" name=\"_wpcf7_posted_data_hash\" value=\"\" \/><input type=\"hidden\" name=\"_wpcf7_recaptcha_response\" value=\"\" \/>\n<\/fieldset>\n<p><label> Nom (obligatoire)<br \/>\n<span class=\"wpcf7-form-control-wrap\" data-name=\"your-name\"><input size=\"40\" maxlength=\"400\" class=\"wpcf7-form-control wpcf7-text wpcf7-validates-as-required\" aria-required=\"true\" aria-invalid=\"false\" value=\"\" type=\"text\" name=\"your-name\" \/><\/span> <\/label>\n<\/p>\n<p><label> Email (obligatoire)<br \/>\n<span class=\"wpcf7-form-control-wrap\" data-name=\"your-email\"><input size=\"40\" maxlength=\"400\" class=\"wpcf7-form-control wpcf7-email wpcf7-validates-as-required wpcf7-text wpcf7-validates-as-email\" aria-required=\"true\" aria-invalid=\"false\" value=\"\" type=\"email\" name=\"your-email\" \/><\/span> <\/label>\n<\/p>\n<p><label> T\u00e9l\u00e9phone (obligatoire)<br \/>\n<span class=\"wpcf7-form-control-wrap\" data-name=\"your-phone\"><input size=\"40\" maxlength=\"400\" class=\"wpcf7-form-control wpcf7-tel wpcf7-text wpcf7-validates-as-tel\" aria-invalid=\"false\" value=\"\" type=\"tel\" name=\"your-phone\" \/><\/span> <\/label>\n<\/p>\n<p><label> Sujet (obligatoire)<br \/>\n<span class=\"wpcf7-form-control-wrap\" data-name=\"your-subject\"><input size=\"40\" maxlength=\"400\" class=\"wpcf7-form-control wpcf7-text wpcf7-validates-as-required\" aria-required=\"true\" aria-invalid=\"false\" value=\"\" type=\"text\" name=\"your-subject\" \/><\/span> <\/label>\n<\/p>\n<p><label> Message<br \/>\n<span class=\"wpcf7-form-control-wrap\" data-name=\"your-message\"><textarea cols=\"40\" rows=\"10\" maxlength=\"2000\" class=\"wpcf7-form-control wpcf7-textarea\" aria-invalid=\"false\" name=\"your-message\"><\/textarea><\/span> <\/label>\n<\/p>\n<p><input class=\"wpcf7-form-control wpcf7-submit has-spinner\" type=\"submit\" value=\"Envoyer\" \/>\n<\/p><div class=\"wpcf7-response-output\" aria-hidden=\"true\"><\/div>\n<\/form>\n<\/div>\n<div class=\"w-separator size_small\"><\/div><div class=\"wpb_text_column\"><div class=\"wpb_wrapper\"><p>Ce site est prot\u00e9g\u00e9 par reCAPTCHA et par la <a href=\"https:\/\/policies.google.com\/privacy\" target=\"_blank\" rel=\"noopener\">politique de vie priv\u00e9e<\/a> et <a href=\"https:\/\/policies.google.com\/terms\" target=\"_blank\" rel=\"noopener\">conditions g\u00e9n\u00e9rales d'utilisation<\/a> de Google.<\/p>\n<\/div><\/div><div class=\"w-separator size_small\"><\/div><div class=\"w-socials color_brand shape_square style_default hover_fade\"><div class=\"w-socials-list\"><div class=\"w-socials-item facebook\"><a target=\"_blank\" rel=\"nofollow\" href=\"#\" class=\"w-socials-item-link\" aria-label=\"Facebook\"><span class=\"w-socials-item-link-hover\"><\/span><i class=\"fab fa-facebook\"><\/i><\/a><div class=\"w-socials-item-popup\"><span>Facebook<\/span><\/div><\/div><div class=\"w-socials-item twitter\"><a target=\"_blank\" rel=\"nofollow\" href=\"#\" class=\"w-socials-item-link\" aria-label=\"X\"><span class=\"w-socials-item-link-hover\"><\/span><i class=\"fab fa-x-twitter\"><svg style=\"width:1em; margin-bottom:-.1em;\" xmlns=\"http:\/\/www.w3.org\/2000\/svg\" viewBox=\"0 0 512 512\" role=\"presentation\"><path fill=\"currentColor\" d=\"M389.2 48h70.6L305.6 224.2 487 464H345L233.7 318.6 106.5 464H35.8L200.7 275.5 26.8 48H172.4L272.9 180.9 389.2 48zM364.4 421.8h39.1L151.1 88h-42L364.4 421.8z\"\/><\/svg><\/i><\/a><div class=\"w-socials-item-popup\"><span>X<\/span><\/div><\/div><div class=\"w-socials-item email\"><a target=\"_blank\" rel=\"nofollow\" href=\"#\" class=\"w-socials-item-link\" aria-label=\"E-mail\"><span class=\"w-socials-item-link-hover\"><\/span><i class=\"fas fa-envelope\"><\/i><\/a><div class=\"w-socials-item-popup\"><span>E-mail<\/span><\/div><\/div><\/div><\/div><\/div><\/div><\/div><\/div><\/div><\/div><\/div><div class=\"vc_col-sm-3 wpb_column vc_column_container\"><div class=\"vc_column-inner\"><div class=\"wpb_wrapper\"><div class=\"wpb_widgetised_column wpb_content_element\"><div class=\"wpb_wrapper\"><div id=\"mod_vikbooking_horizontalsearch-6\" class=\"widget widget_mod_vikbooking_horizontalsearch\"><h3 class=\"widgettitle\">BOOK NOW!<\/h3>\n<div class=\"vbmodhorsearchmaindiv vbo-horizsearch-standardformat-wrap\">\n\t<form action=\"https:\/\/www.alnaturalresort.com\/booking\/?task=search\" method=\"post\" id=\"vbo-mod-horsearch-form-841\">\n\t\t<input type=\"hidden\" name=\"task\" value=\"search\" \/>\n\t\t<div class=\"vbmodhorsearchcheckindiv\">\n\t\t\t<label for=\"checkindatemod841\">Check-in date<\/label>\n\t\t\t<div class=\"input-group\">\n\t\t\t\t<input type=\"text\" name=\"checkindate\" id=\"checkindatemod841\" size=\"10\" autocomplete=\"off\" onfocus=\"this.blur();\" readonly\/>\n\t\t\t\t<i class=\"far fa-calendar-alt vbo-caltrigger\"><\/i>\t\t\t\t<input type=\"hidden\" name=\"checkinh\" value=\"12\"\/>\n\t\t\t\t<input type=\"hidden\" name=\"checkinm\" value=\"0\"\/>\n\t\t\t<\/div>\n\t\t<\/div>\n\t\t<div class=\"vbmodhorsearchcheckoutdiv\">\n\t\t\t<label for=\"checkoutdatemod841\">Check-out date<\/label>\n\t\t\t<div class=\"input-group\">\n\t\t\t\t<input type=\"text\" name=\"checkoutdate\" id=\"checkoutdatemod841\" size=\"10\" autocomplete=\"off\" onfocus=\"this.blur();\" readonly\/>\n\t\t\t\t<i class=\"far fa-calendar-alt vbo-caltrigger\"><\/i>\t\t\t\t<input type=\"hidden\" name=\"checkouth\" value=\"9\"\/>\n\t\t\t\t<input type=\"hidden\" name=\"checkoutm\" value=\"0\"\/>\n\t\t\t<\/div>\n\t\t<\/div>\n\t\t\t<div class=\"vbmodhorsearchtotnights\" id=\"vbjstotnightsmod841\"><\/div>\n\t\t\t<div class=\"vbmodhorsearchrac\">\n\t\t\n\t\t\t<div class=\"vbmodhorsearchroomsel\">\n\t\t\t\t<label for=\"vbmodformroomsn841\">Chambres<\/label>\t\t\t\t<span class=\"vbhsrnselsp\"><select name=\"roomsnum\" id=\"vbmodformroomsn841\" onchange=\"vbSetRoomsAdultsMod841(this.value);\">\n<option value=\"1\">1<\/option>\n<option value=\"2\">2<\/option>\n<option value=\"3\">3<\/option>\n<option value=\"4\">4<\/option>\n<option value=\"5\">5<\/option>\n<option value=\"6\">6<\/option>\n<option value=\"7\">7<\/option>\n<option value=\"8\">8<\/option>\n<option value=\"9\">9<\/option>\n<option value=\"10\">10<\/option>\n<\/select><\/span>\n\t\t\t<\/div>\n\t\t\t\n\t\t\t<div class=\"vbmodhorsearchroomdentr\">\n\t\t\t\t\n\t\t\t\t<div class=\"vbmodhorsearchroomdentrfirst\">\n\t\t\t\t\t<span class=\"horsrnum\">Room 1<\/span>\t\t\t\t\t<div class=\"horsanumdiv\">\n\t\t\t\t\t\t<label class=\"horsanumlb\" for=\"vbo-mhs-adults-841\">Adultes<\/label>\n\t\t\t\t\t\t<span class=\"horsanumsel\"><select name=\"adults[]\" id=\"vbo-mhs-adults-841\" onchange=\"vbCountTotGuests841();\"><option value=\"1\">1<\/option><option value=\"2\" selected=\"selected\">2<\/option><option value=\"3\">3<\/option><option value=\"4\">4<\/option><option value=\"5\">5<\/option><option value=\"6\">6<\/option><\/select><\/span>\n\t\t\t\t\t<\/div>\n\t\t\t\t\t\t\t\t\t\t<div class=\"horscnumdiv\">\n\t\t\t\t\t\t<label class=\"horscnumlb\" for=\"vbo-mhs-children-841\">Enfants<\/label>\n\t\t\t\t\t\t<span class=\"horscnumsel\"><select name=\"children[]\" id=\"vbo-mhs-children-841\" onchange=\"vbCountTotGuests841();\"><option value=\"0\">0<\/option><option value=\"1\">1<\/option><option value=\"2\">2<\/option><option value=\"3\">3<\/option><option value=\"4\">4<\/option><option value=\"5\">5<\/option><\/select><\/span>\n\t\t\t\t\t<\/div>\n\t\t\t\t\t\t\t\t\t<\/div>\n\t\t\t\t\n\t\t\t\t<div class=\"vbmoreroomscontmod\" id=\"vbmoreroomscontmod841\"><\/div>\n\t\t\t\t\n\t\t\t<\/div>\n\t\t\t\n\t\t<\/div>\n\t\t\t<div class=\"vbmodhorsearchbookdiv\">\n\t\t\t<button type=\"submit\" id=\"vbo-mod-horsearch-sbt-841\" class=\"btn vbsearchinputmodhors vbo-pref-color-btn\">RESERVEZ<\/button>\n\t\t<\/div>\n\n\t\t<script type=\"text\/javascript\">\n\t\t\tjQuery(function() {\n\t\t\t\tjQuery('button#vbo-mod-horsearch-sbt-841').on('click', function(e) {\n\t\t\t\t\te.preventDefault();\n\t\t\t\t\tjQuery(this).prop('disabled', true);\n\t\t\t\t\tjQuery(this).html('<i class=\"fas fa-circle-notch fa-spin fa-fw\"><\/i> ' + jQuery(this).text());\n\t\t\t\t\tjQuery(this).closest('form').submit();\n\t\t\t\t});\n\t\t\t});\n\t\t<\/script>\n\t\t<\/form>\n<\/div>\n\n<div class=\"vbo-modhs-js-helpers\" style=\"display: none;\">\n\t<div class=\"vbo-modhs-add-element-html\">\n\t\t<div class=\"vbmodhorsearchroomdentr\">\n\t\t\t<span class=\"horsrnum\">Room %d<\/span>\n\t\t\t<div class=\"horsanumdiv\">\n\t\t\t\t<label style=\"display: none;\" for=\"vbo-mhs-adults-841-hid\">Adultes<\/label>\n\t\t\t\t<span class=\"horsanumsel\"><select name=\"adults[]\" id=\"vbo-mhs-adults-841-hid\" onchange=\"vbCountTotGuests841();\"><option value=\"1\">1<\/option><option value=\"2\" selected=\"selected\">2<\/option><option value=\"3\">3<\/option><option value=\"4\">4<\/option><option value=\"5\">5<\/option><option value=\"6\">6<\/option><\/select><\/span>\n\t\t\t\t\t\t\t<div class=\"horscnumdiv\">\n\t\t\t\t\t<label style=\"display: none;\" for=\"vbo-mhs-children-841-hid\">Enfants<\/label>\n\t\t\t\t\t<span class=\"horscnumsel\"><select name=\"children[]\" id=\"vbo-mhs-children-841-hid\" onchange=\"vbCountTotGuests841();\"><option value=\"0\">0<\/option><option value=\"1\">1<\/option><option value=\"2\">2<\/option><option value=\"3\">3<\/option><option value=\"4\">4<\/option><option value=\"5\">5<\/option><\/select><\/span>\n\t\t\t\t<\/div>\n\t\t\t\t\t\t\t<\/div>\n\t\t<\/div>\n\t<\/div>\n<\/div>\n\n<script type=\"text\/javascript\">\nfunction vboModHorSearchSendRequest(elem, formId) {\n\tvar form_el = document.getElementById('vbo-mod-horsearch-form-' + formId);\n\tif (!form_el) {\n\t\tconsole.error('form not found', formId);\n\t\treturn false;\n\t}\n\n\t\/\/ valid all form required fields\n\tif (typeof form_el.checkValidity === 'function' && !form_el.checkValidity()) {\n\t\t\/\/ modern browsers will support this HTML5 method to check the form required fields\n\t\talert(Joomla.JText._('VBO_PLEASE_FILL_FIELDS'));\n\t\treturn false;\n\t}\n\n\t\/\/ make sure the dates have been selected\n\tvar checkin_date_el = jQuery(form_el).find('input[name=\"checkindate\"]');\n\tvar checkout_date_el = jQuery(form_el).find('input[name=\"checkoutdate\"]');\n\tif (!checkin_date_el.length || !checkin_date_el.val().length || !checkout_date_el.length || !checkout_date_el.val().length) {\n\t\talert(Joomla.JText._('VBO_PLEASE_SEL_DATES'));\n\t\treturn false;\n\t}\n\t\/\/ make sure the dates are not identical to have a min stay of 1 night\n\t\/\/ as by default the datepicker could set equal dates to the hidden fields.\n\tif (checkin_date_el.val() == checkout_date_el.val()) {\n\t\talert(Joomla.JText._('VBO_PLEASE_SEL_DATES'));\n\t\treturn false;\n\t}\n\n\t\/\/ disable the send request button to avoid double submissions\n\telem.disabled = true;\n\t\n\t\/\/ get form values\n\tvar qstring = jQuery(form_el).serialize();\n\n\t\/\/ make sure the task is not set\n\tqstring = qstring.replace('task=search', '');\n\tqstring = qstring.replace('view=search', '');\n\n\t\/\/ make the ajax request to the controller\n\tjQuery.ajax({\n\t\ttype: \"POST\",\n\t\turl: \"https:\/\/www.alnaturalresort.com\/wp-admin\/admin-ajax.php?task=submit_inquiry&Itemid=1494&action=vikbooking&vik_ajax_client=site\",\n\t\tdata: qstring\n\t}).done(function(res) {\n\t\tif (!res.hasOwnProperty('status')) {\n\t\t\talert('Invalid response');\n\t\t\t\/\/ re-enable the button\n\t\t\telem.disabled = false;\n\t\t\treturn false;\n\t\t}\n\t\tif (!res.status) {\n\t\t\talert(res.error);\n\t\t\t\/\/ re-enable the button\n\t\t\telem.disabled = false;\n\t\t\treturn false;\n\t\t}\n\t\t\/\/ show success message by replacing all fields\n\t\tjQuery('.vbo-mod-horsearch-inquiry-fields').html('<p class=\"vbo-mod-horsearch-inquiry-mess-success\">' + Joomla.JText._('VBO_THANKS_INQ_SUBMITTED') + '<\/p>');\n\t\t\/\/ remove submit button container\n\t\tjQuery('.vbo-mod-horsearch-inquiry-submit').remove();\n\t}).fail(function(err) {\n\t\talert(err.responseText);\n\t\t\/\/ re-enable the button\n\t\telem.disabled = false;\n\t});\n}\n\nfunction vboModHorSearchBookOnline(formId) {\n\tvar form_el = document.getElementById('vbo-mod-horsearch-form-' + formId);\n\tif (!form_el) {\n\t\tconsole.error('form not found', formId);\n\t\treturn false;\n\t}\n\n\t\/\/ we need to let a button of type button trigger the submit of the \"check availability\"\n\t\/\/ or in case of inquiry, the browser will check the validity of the required fields.\n\n\t\/\/ we only check if the dates have been selected\n\tvar checkin_date_el = jQuery(form_el).find('input[name=\"checkindate\"]');\n\tvar checkout_date_el = jQuery(form_el).find('input[name=\"checkoutdate\"]');\n\tif (!checkin_date_el.length || !checkin_date_el.val().length || !checkout_date_el.length || !checkout_date_el.val().length) {\n\t\talert(Joomla.JText._('VBO_PLEASE_SEL_DATES'));\n\t\treturn false;\n\t}\n\n\t\/\/ make sure the dates are not identical to have a min stay of 1 night\n\t\/\/ as by default the datepicker could set equal dates to the hidden fields.\n\tif (checkin_date_el.val() == checkout_date_el.val()) {\n\t\talert(Joomla.JText._('VBO_PLEASE_SEL_DATES'));\n\t\treturn false;\n\t}\n\n\t\/\/ simply submit the form to start the booking process\n\tform_el.submit();\n\n\treturn true;\n}\n\nfunction vbAddElementMod841() {\n\tvar ni = document.getElementById('vbmoreroomscontmod841');\n\tvar numi = document.getElementById('vbroomhelpermod841');\n\tvar num = (document.getElementById('vbroomhelpermod841').value -1) + 2;\n\tnumi.value = num;\n\tvar newdiv = document.createElement('div');\n\tvar divIdName = 'vb'+num+'racont';\n\tnewdiv.setAttribute('id', divIdName);\n\t\/\/ build HTML content to append to new element\n\tvar new_element_html = document.getElementsByClassName('vbo-modhs-add-element-html')[0].innerHTML;\n\t\/\/ set room number\n\tlet rp_rgx = new RegExp('%d', 'g');\n\tnew_element_html = new_element_html.replace(rp_rgx, num);\n\t\/\/ get rid of label tag (Web Accessibility)\n\tlet lbl_rgx = new RegExp(\/<label\\s.+>.+<\\\/label>\/, 'g');\n\tnew_element_html = new_element_html.replace(lbl_rgx, '');\n\t\/\/ get rid of any id attribute (Web Accessibility)\n\tlet idattr_rgx = new RegExp(\/id=\"[^\\\"]+\"\/, 'g');\n\tnew_element_html = new_element_html.replace(idattr_rgx, '');\n\t\/\/ set HTML content and append element\n\tnewdiv.innerHTML = new_element_html;\n\tni.appendChild(newdiv);\n}\n\nfunction vbSetRoomsAdultsMod841(totrooms) {\n\tvar actrooms = parseInt(document.getElementById('vbroomhelpermod841').value);\n\tvar torooms = parseInt(totrooms);\n\tvar difrooms;\n\tif (torooms > actrooms) {\n\t\tdifrooms = torooms - actrooms;\n\t\tfor (var ir = 1; ir <= difrooms; ir++) {\n\t\t\tvbAddElementMod841();\n\t\t}\n\t}\n\tif (torooms < actrooms) {\n\t\tfor (var ir = actrooms; ir > torooms; ir--) {\n\t\t\tif (ir > 1) {\n\t\t\t\tvar rmra = document.getElementById('vb' + ir + 'racont');\n\t\t\t\trmra.parentNode.removeChild(rmra);\n\t\t\t}\n\t\t}\n\t\tdocument.getElementById('vbroomhelpermod841').value = torooms;\n\t}\n\tif (document.getElementById('vbmodhorsearch-hum-guests-rooms841')) {\n\t\tdocument.getElementById('vbmodhorsearch-hum-guests-rooms841').innerText = torooms;\n\t\tvbCountTotGuests841();\n\t}\n}\n\nfunction vbCountTotGuests841() {\n\tif (!document.getElementById('vbmodhorsearch-hum-guests-rooms841')) {\n\t\treturn;\n\t}\n\tvar totadults = 0;\n\tvar totchildren = 0;\n\tjQuery('#vbmodhorsearch-hum-guests-count841').parent().find('select[name=\"adults[]\"]').each(function() {\n\t\tvar curel = jQuery(this).find('option:selected');\n\t\tif (curel.length) {\n\t\t\ttotadults += parseInt(curel.val());\n\t\t}\n\t});\n\tjQuery('#vbmodhorsearch-hum-guests-adults841').text(totadults);\n\tif (jQuery('#vbmodhorsearch-hum-guests-children841').length) {\n\t\tjQuery('#vbmodhorsearch-hum-guests-count841').parent().find('select[name=\"children[]\"]').each(function() {\n\t\t\tvar curel = jQuery(this).find('option:selected');\n\t\t\tif (curel.length) {\n\t\t\t\ttotchildren += parseInt(curel.val());\n\t\t\t}\n\t\t});\n\t\tjQuery('#vbmodhorsearch-hum-guests-children841').text(totchildren);\n\t}\n}\n\nfunction vbCalcNightsMod841() {\n\tvar vbcheckin = document.getElementById('checkindatemod841').value;\n\tvar vbcheckout = document.getElementById('checkoutdatemod841').value;\n\tif (vbcheckin.length > 0 && vbcheckout.length > 0) {\n\t\tvar vbcheckinp = vbcheckin.split(\"\/\");\n\t\tvar vbcheckoutp = vbcheckout.split(\"\/\");\n\t\t\tvar vbinmonth = parseInt(vbcheckinp[1]);\n\t\tvbinmonth = vbinmonth - 1;\n\t\tvar vbinday = parseInt(vbcheckinp[0], 10);\n\t\tvar vbcheckind = new Date(vbcheckinp[2], vbinmonth, vbinday);\n\t\tvar vboutmonth = parseInt(vbcheckoutp[1]);\n\t\tvboutmonth = vboutmonth - 1;\n\t\tvar vboutday = parseInt(vbcheckoutp[0], 10);\n\t\tvar vbcheckoutd = new Date(vbcheckoutp[2], vboutmonth, vboutday);\n\t\t\t\tvar vbdivider = 1000 * 60 * 60 * 24;\n\t\tvar vbints = vbcheckind.getTime();\n\t\tvar vboutts = vbcheckoutd.getTime();\n\t\tif (vboutts > vbints) {\n\t\t\t\/\/var vbnights = Math.ceil((vboutts - vbints) \/ (vbdivider));\n\t\t\tvar utc1 = Date.UTC(vbcheckind.getFullYear(), vbcheckind.getMonth(), vbcheckind.getDate());\n\t\t\tvar utc2 = Date.UTC(vbcheckoutd.getFullYear(), vbcheckoutd.getMonth(), vbcheckoutd.getDate());\n\t\t\tvar vbnights = Math.ceil((utc2 - utc1) \/ vbdivider);\n\t\t\tif (vbnights > 0) {\n\t\t\t\tdocument.getElementById('vbjstotnightsmod841').innerHTML = '<div class=\"vbo-horizsearch-numnights-inner\"><span>Nights:<\/span> <span>'+vbnights+'<\/span><\/div>';\n\t\t\t} else {\n\t\t\t\tdocument.getElementById('vbjstotnightsmod841').innerHTML = '';\n\t\t\t}\n\t\t} else {\n\t\t\tdocument.getElementById('vbjstotnightsmod841').innerHTML = '';\n\t\t}\n\t} else {\n\t\tdocument.getElementById('vbjstotnightsmod841').innerHTML = '';\n\t}\n}\n<\/script>\n\n<input type=\"hidden\" id=\"vbroomhelpermod841\" value=\"1\"\/>\n<\/div><div id=\"custom_html-8\" class=\"widget_text widget widget_custom_html\"><h3 class=\"widgettitle\">NEWS<\/h3><div class=\"textwidget custom-html-widget\"><a href=\"https:\/\/www.alnaturalresort.com\/fr\/offres-speciales-et-infos-de-dernieres-minutes\/\">OFFRES SPECIALES ET INFOS DE DERNIERES MINUTES\r\n<\/a>\r\n<hr style=\"border-top: 0.5px dotted;  margin-top:20px; color:#B0C4DE;\"><\/div><\/div><div id=\"text-3\" class=\"widget widget_text\"><h3 class=\"widgettitle\">TRIP ADVISORS<\/h3>\t\t\t<div class=\"textwidget\"><p><em>\u00ab Endroit coup\u00e9 du monde, pas de wi-fi, on y arrive apr\u00e8s 45 minutes de bateau depuis Bocas del Toro\u2026 Endroit \u00e0 d\u00e9couvrir absolument. \u00bb<\/em><\/p>\n<p>Par Brigitte B post\u00e9 sur Trip Advisor le 16 april 16 2019<\/p>\n<p><em>\u00ab Un bout du monde inoubliable pour nous tous et une adresse qu\u2019on aimerait garder secr\u00e8te. \u00bb<\/em><\/p>\n<p>Par WAME75, post\u00e9 sur Trip Advisor le 26 mai 2019<\/p>\n<\/div>\n\t\t<\/div><\/div><\/div><\/div><\/div><\/div><\/div><\/div><\/section>\n","protected":false},"excerpt":{"rendered":"Google Maps CONTACT \u00a0 CONTACTEZ-NOUS Nom (obligatoire) Email (obligatoire) T\u00e9l\u00e9phone (obligatoire) Sujet (obligatoire) Message Ce site est prot\u00e9g\u00e9 par reCAPTCHA et par la politique de vie priv\u00e9e et conditions g\u00e9n\u00e9rales d'utilisation de Google. FacebookXE-mailBOOK NOW! Check-in date Check-out date Chambres 1 2 3 4 5 6 7 8 9 10 Room 1 Adultes 123456 Enfants...","protected":false},"author":1,"featured_media":0,"parent":0,"menu_order":0,"comment_status":"closed","ping_status":"closed","template":"","meta":{"footnotes":""},"class_list":["post-3036","page","type-page","status-publish","hentry"],"_links":{"self":[{"href":"https:\/\/www.alnaturalresort.com\/fr\/wp-json\/wp\/v2\/pages\/3036","targetHints":{"allow":["GET"]}}],"collection":[{"href":"https:\/\/www.alnaturalresort.com\/fr\/wp-json\/wp\/v2\/pages"}],"about":[{"href":"https:\/\/www.alnaturalresort.com\/fr\/wp-json\/wp\/v2\/types\/page"}],"author":[{"embeddable":true,"href":"https:\/\/www.alnaturalresort.com\/fr\/wp-json\/wp\/v2\/users\/1"}],"replies":[{"embeddable":true,"href":"https:\/\/www.alnaturalresort.com\/fr\/wp-json\/wp\/v2\/comments?post=3036"}],"version-history":[{"count":11,"href":"https:\/\/www.alnaturalresort.com\/fr\/wp-json\/wp\/v2\/pages\/3036\/revisions"}],"predecessor-version":[{"id":10310,"href":"https:\/\/www.alnaturalresort.com\/fr\/wp-json\/wp\/v2\/pages\/3036\/revisions\/10310"}],"wp:attachment":[{"href":"https:\/\/www.alnaturalresort.com\/fr\/wp-json\/wp\/v2\/media?parent=3036"}],"curies":[{"name":"wp","href":"https:\/\/api.w.org\/{rel}","templated":true}]}}